{"id":9248,"date":"2025-09-03T17:26:08","date_gmt":"2025-09-03T17:26:08","guid":{"rendered":"https:\/\/svojeridne.com\/?page_id=9248"},"modified":"2025-11-06T08:31:10","modified_gmt":"2025-11-06T08:31:10","slug":"%d0%b4%d0%be%d1%81%d1%82%d0%b0%d0%b2%d0%ba%d0%b0-%d1%82%d0%b0-%d0%be%d0%bf%d0%bb%d0%b0%d1%82%d0%b8","status":"publish","type":"page","link":"https:\/\/svojeridne.com\/uk\/%d0%b4%d0%be%d1%81%d1%82%d0%b0%d0%b2%d0%ba%d0%b0-%d1%82%d0%b0-%d0%be%d0%bf%d0%bb%d0%b0%d1%82%d0%b8\/","title":{"rendered":"\u0414\u043e\u0441\u0442\u0430\u0432\u043a\u0430 \u0442\u0430 \u043e\u043f\u043b\u0430\u0442\u0438"},"content":{"rendered":"\n<p><strong>\u041f\u043e\u0441\u0442\u0430\u0447\u0430\u043b\u044c\u043d\u0438\u043a \u043f\u043b\u0430\u0442\u0456\u0436\u043d\u043e\u0433\u043e \u0448\u043b\u044e\u0437\u0443<\/strong><\/p>\n\n\n\n<p>\u041e\u043d\u043b\u0430\u0439\u043d-\u043f\u043b\u0430\u0442\u0435\u0436\u0456 \u0434\u043b\u044f \u043d\u0430\u0448\u043e\u0433\u043e \u0456\u043d\u0442\u0435\u0440\u043d\u0435\u0442-\u043c\u0430\u0433\u0430\u0437\u0438\u043d\u0443 \u0437\u0430\u0431\u0435\u0437\u043f\u0435\u0447\u0443\u0454 \u043a\u043e\u043c\u043f\u0430\u043d\u0456\u044f <strong>Comgate, a.s.<\/strong><\/p>\n\n\n\n<p>\u0414\u0435\u0442\u0430\u043b\u044c\u043d\u0456\u0448\u0443 \u0456\u043d\u0444\u043e\u0440\u043c\u0430\u0446\u0456\u044e \u043c\u043e\u0436\u043d\u0430 \u0437\u043d\u0430\u0439\u0442\u0438 \u043d\u0430 \u0441\u0442\u043e\u0440\u0456\u043d\u0446\u0456: www.comgate.cz\/platebni-brana<\/p>\n\n\n\n<p><strong>\u0421\u043f\u043e\u0441\u043e\u0431\u0438 \u043e\u043f\u043b\u0430\u0442\u0438<\/strong><\/p>\n\n\n\n<p>\u041c\u0438 \u043f\u0440\u043e\u043f\u043e\u043d\u0443\u0454\u043c\u043e \u0448\u0432\u0438\u0434\u043a\u0456 \u0442\u0430 \u0431\u0435\u0437\u043f\u0435\u0447\u043d\u0456 \u0432\u0430\u0440\u0456\u0430\u043d\u0442\u0438 \u043e\u043f\u043b\u0430\u0442\u0438 \u2014 <strong>\u0431\u0430\u043d\u043a\u0456\u0432\u0441\u044c\u043a\u043e\u044e \u043a\u0430\u0440\u0442\u043a\u043e\u044e<\/strong> \u0430\u0431\u043e <strong>\u043e\u043d\u043b\u0430\u0439\u043d-\u043f\u0435\u0440\u0435\u043a\u0430\u0437\u043e\u043c<\/strong> \u0447\u0435\u0440\u0435\u0437 \u043f\u043b\u0430\u0442\u0456\u0436\u043d\u0456 \u043a\u043d\u043e\u043f\u043a\u0438 \u043e\u043a\u0440\u0435\u043c\u0438\u0445 \u0431\u0430\u043d\u043a\u0456\u0432.<\/p>\n\n\n\n<p>\u0414\u043e\u043a\u043b\u0430\u0434\u043d\u0456\u0448\u0435 \u043f\u0440\u043e \u043f\u0440\u043e\u0446\u0435\u0441 \u043e\u043f\u043b\u0430\u0442\u0438 \u043c\u043e\u0436\u043d\u0430 \u0434\u0456\u0437\u043d\u0430\u0442\u0438\u0441\u044f \u0442\u0443\u0442:<\/p>\n\n\n\n<p>\u2022 <a href=\"https:\/\/help.comgate.cz\/v1\/docs\/cs\/platby-kartou\">\u041e\u043f\u043b\u0430\u0442\u0430 \u043a\u0430\u0440\u0442\u043a\u043e\u044e \u2014 \u0456\u043d\u0441\u0442\u0440\u0443\u043a\u0446\u0456\u044f \u0442\u0430 \u0456\u043d\u0444\u043e\u0440\u043c\u0430\u0446\u0456\u044f<\/a><\/p>\n\n\n\n<p>\u2022 <a href=\"https:\/\/help.comgate.cz\/docs\/bankovni-prevody\">\u0411\u0430\u043d\u043a\u0456\u0432\u0441\u044c\u043a\u0456 \u043f\u0435\u0440\u0435\u043a\u0430\u0437\u0438 \u2014 \u0456\u043d\u0441\u0442\u0440\u0443\u043a\u0446\u0456\u044f \u0442\u0430 \u0456\u043d\u0444\u043e\u0440\u043c\u0430\u0446\u0456\u044f<\/a><\/p>\n\n\n\n<p><strong>\u041a\u043e\u043d\u0442\u0430\u043a\u0442\u0438 \u043f\u043e\u0441\u0442\u0430\u0447\u0430\u043b\u044c\u043d\u0438\u043a\u0430 \u043f\u043b\u0430\u0442\u0456\u0436\u043d\u043e\u0433\u043e \u0448\u043b\u044e\u0437\u0443<\/strong><\/p>\n\n\n\n<p>Comgate, a.s.<\/p>\n\n\n\n<p>Go\u010d\u00e1rova t\u0159\u00edda 1754\/48b, Hradec Kr\u00e1lov\u00e9<\/p>\n\n\n\n<p>E-mail: <strong>platby-podpora@comgate.cz<\/strong><\/p>\n\n\n\n<p>\u0422\u0435\u043b\u0435\u0444\u043e\u043d: <strong>+420 228 224 267<\/strong><\/p>\n\n\n\n<h3 class=\"wp-block-heading\"><strong>\u0414\u043e\u0441\u0442\u0430\u0432\u043a\u0430 \u0447\u0435\u0440\u0435\u0437 Packeta (Z\u00e1silkovna)<\/strong><\/h3>\n\n\n\n<ul class=\"wp-block-list\">\n<li>\u041e\u0431\u0438\u0440\u0430\u0439\u0442\u0435 \u0437 \u0442\u0438\u0441\u044f\u0447 \u043f\u0443\u043d\u043a\u0442\u0456\u0432 \u0432\u0438\u0434\u0430\u0447\u0456 \u043f\u043e \u0432\u0441\u0456\u0439 \u0427\u0435\u0445\u0456\u0457 \u0442\u0430 \u0421\u043b\u043e\u0432\u0430\u0447\u0447\u0438\u043d\u0456.<\/li>\n\n\n\n<li>\u0412\u0456\u0434\u0441\u0442\u0435\u0436\u0443\u0439\u0442\u0435 \u0432\u0430\u0448\u0443 \u043f\u043e\u0441\u0438\u043b\u043a\u0443 \u0432 \u0440\u0435\u0430\u043b\u044c\u043d\u043e\u043c\u0443 \u0447\u0430\u0441\u0456 \u0447\u0435\u0440\u0435\u0437 \u043c\u043e\u0431\u0456\u043b\u044c\u043d\u0438\u0439 \u0434\u043e\u0434\u0430\u0442\u043e\u043a Packeta.<\/li>\n\n\n\n<li>\u0422\u0435\u0440\u043c\u0456\u043d \u0434\u043e\u0441\u0442\u0430\u0432\u043a\u0438 \u0441\u0442\u0430\u043d\u043e\u0432\u0438\u0442\u044c 1\u20134 \u0440\u043e\u0431\u043e\u0447\u0456 \u0434\u043d\u0456 (\u043c\u043e\u0436\u0435 \u0437\u043c\u0456\u043d\u044e\u0432\u0430\u0442\u0438\u0441\u044f \u0437\u0430\u043b\u0435\u0436\u043d\u043e \u0432\u0456\u0434 \u0437\u0430\u0432\u0430\u043d\u0442\u0430\u0436\u0435\u043d\u043e\u0441\u0442\u0456 \u0441\u043a\u043b\u0430\u0434\u0443).<\/li>\n\n\n\n<li>\u041f\u043e\u0441\u0438\u043b\u043a\u0430 \u0437\u0431\u0435\u0440\u0456\u0433\u0430\u0454\u0442\u044c\u0441\u044f \u0443 \u043f\u0443\u043d\u043a\u0442\u0456 \u0432\u0438\u0434\u0430\u0447\u0456 7 \u0434\u043d\u0456\u0432, \u0430 \u0443 Z-Box \u2013 \u043b\u0438\u0448\u0435 2 \u0434\u043d\u0456.<\/li>\n\n\n\n<li>\u0414\u043b\u044f \u043e\u0442\u0440\u0438\u043c\u0430\u043d\u043d\u044f \u043d\u0435 \u043f\u043e\u0442\u0440\u0456\u0431\u0435\u043d \u0434\u043e\u043a\u0443\u043c\u0435\u043d\u0442, \u0449\u043e \u043f\u043e\u0441\u0432\u0456\u0434\u0447\u0443\u0454 \u043e\u0441\u043e\u0431\u0443 \u2013 \u0434\u043e\u0441\u0442\u0430\u0442\u043d\u044c\u043e \u043a\u043e\u0434\u0443 \u0437 SMS.<\/li>\n<\/ul>\n\n\n\n<p>\u0423\u0432\u0430\u0433\u0430:<\/p>\n\n\n\n<ul class=\"wp-block-list\">\n<li>\u042f\u043a\u0449\u043e \u0432\u0438 \u043e\u0431\u0440\u0430\u043b\u0438 \u043e\u043f\u043b\u0430\u0442\u0443 \u043d\u0430\u043a\u043b\u0430\u0434\u0435\u043d\u0438\u043c \u043f\u043b\u0430\u0442\u0435\u0436\u0435\u043c \u0442\u0430 \u0434\u043e\u0441\u0442\u0430\u0432\u043a\u0443 \u0443 Z-Box, \u043e\u043f\u043b\u0430\u0442\u0443 \u043d\u0435\u043e\u0431\u0445\u0456\u0434\u043d\u043e \u0437\u0434\u0456\u0439\u0441\u043d\u0438\u0442\u0438 \u0447\u0435\u0440\u0435\u0437 \u043c\u043e\u0431\u0456\u043b\u044c\u043d\u0438\u0439 \u0437\u0430\u0441\u0442\u043e\u0441\u0443\u043d\u043e\u043a.<\/li>\n<\/ul>\n\n\n\n<h3 class=\"wp-block-heading\"><strong>\u041a\u0443\u0440\u2019\u0454\u0440\u0441\u044c\u043a\u0430 \u0434\u043e\u0441\u0442\u0430\u0432\u043a\u0430 <\/strong><strong>\u0447\u0435\u0440\u0435\u0437 <\/strong><strong>Packeta (Z\u00e1silkovna)<\/strong><strong><\/strong><\/h3>\n\n\n\n<ul class=\"wp-block-list\">\n<li>\u0417\u0430\u043c\u043e\u0432\u0442\u0435 \u0434\u043e\u0441\u0442\u0430\u0432\u043a\u0443 \u0434\u043e\u0434\u043e\u043c\u0443, \u0432 \u043e\u0444\u0456\u0441 \u0430\u0431\u043e \u043d\u0430 \u0440\u0435\u0446\u0435\u043f\u0446\u0456\u044e.<\/li>\n\n\n\n<li>\u042f\u043a\u0449\u043e \u043a\u0443\u0440\u2019\u0454\u0440 \u043d\u0435 \u0437\u0430\u0441\u0442\u0430\u043d\u0435 \u0432\u0430\u0441, \u043f\u043e\u0441\u0438\u043b\u043a\u0430 \u0431\u0443\u0434\u0435 \u0437\u0431\u0435\u0440\u0435\u0436\u0435\u043d\u0430 \u0443 \u043d\u0430\u0439\u0431\u043b\u0438\u0436\u0447\u043e\u043c\u0443 \u043f\u0443\u043d\u043a\u0442\u0456 \u0432\u0438\u0434\u0430\u0447\u0456, \u0434\u0435 \u0432\u0438 \u0437\u043c\u043e\u0436\u0435\u0442\u0435 \u0437\u0430\u0431\u0440\u0430\u0442\u0438 \u0457\u0457 \u0449\u0435 \u0442\u043e\u0433\u043e \u0436 \u0434\u043d\u044f.<\/li>\n\n\n\n<li>\u0429\u043e\u0439\u043d\u043e \u043a\u0443\u0440\u2019\u0454\u0440 \u0437\u0430\u0432\u0430\u043d\u0442\u0430\u0436\u0438\u0442\u044c \u043f\u043e\u0441\u0438\u043b\u043a\u0443, \u0432\u0438 \u043e\u0442\u0440\u0438\u043c\u0430\u0454\u0442\u0435 \u043f\u043e\u0432\u0456\u0434\u043e\u043c\u043b\u0435\u043d\u043d\u044f \u0437 \u043e\u0440\u0456\u0454\u043d\u0442\u043e\u0432\u043d\u0438\u043c \u0447\u0430\u0441\u043e\u043c \u0434\u043e\u0441\u0442\u0430\u0432\u043a\u0438 (\u0437 \u0442\u043e\u0447\u043d\u0456\u0441\u0442\u044e \u0434\u043e 90 \u0445\u0432\u0438\u043b\u0438\u043d).<\/li>\n<\/ul>\n\n\n\n<p><strong>\u0412\u0430\u0440\u0442\u0456\u0441\u0442\u044c \u0434\u043e\u0441\u0442\u0430\u0432\u043a\u0438<\/strong><strong>:<\/strong><\/p>\n\n\n\n<p>\u041d\u0430 \u043f\u0443\u043d\u043a\u0442 \u0432\u0438\u0434\u0430\u0447\u0456 (\u0432\u0456\u0434\u0434\u0456\u043b\u0435\u043d\u043d\u044f \/ Z-Box):<\/p>\n\n\n\n<ul class=\"wp-block-list\">\n<li>\u041e\u043f\u043b\u0430\u0442\u0430 \u043d\u0430\u043f\u0435\u0440\u0435\u0434 \u2013 89 K\u010d<\/li>\n\n\n\n<li>\u041e\u043f\u043b\u0430\u0442\u0430 \u043f\u0440\u0438 \u043e\u0442\u0440\u0438\u043c\u0430\u043d\u043d\u0456 \u2013 115 K\u010d<\/li>\n<\/ul>\n\n\n\n<p>\u041a\u0443\u0440\u2019\u0454\u0440\u0441\u044c\u043a\u0430 \u0434\u043e\u0441\u0442\u0430\u0432\u043a\u0430:<\/p>\n\n\n\n<ul class=\"wp-block-list\">\n<li>\u041e\u043f\u043b\u0430\u0442\u0430 \u043d\u0430\u043f\u0435\u0440\u0435\u0434 \u2013 129 K\u010d<\/li>\n\n\n\n<li>\u041e\u043f\u043b\u0430\u0442\u0430 \u043f\u0440\u0438 \u043e\u0442\u0440\u0438\u043c\u0430\u043d\u043d\u0456 \u2013 155 K\u010d<\/li>\n<\/ul>\n\n\n\n<h3 class=\"wp-block-heading\"><strong>\u0414\u043e\u0441\u0442\u0430\u0432\u043a\u0430 \u0447\u0435\u0440\u0435\u0437<\/strong><strong> <\/strong><strong>Bal\u00edkovna<\/strong><strong><\/strong><\/h3>\n\n\n\n<ul class=\"wp-block-list\">\n<li>\u041f\u0456\u0441\u043b\u044f \u0442\u043e\u0433\u043e, \u044f\u043a \u043f\u043e\u0441\u0438\u043b\u043a\u0430 \u0434\u043e\u0441\u0442\u0430\u0432\u043b\u0435\u043d\u0430 \u0443 \u0432\u0438\u0431\u0440\u0430\u043d\u0443 \u0432\u0430\u043c\u0438 Bal\u00edkovnu, \u0432\u0438 \u043e\u0442\u0440\u0438\u043c\u0430\u0454\u0442\u0435 SMS-\u043f\u043e\u0432\u0456\u0434\u043e\u043c\u043b\u0435\u043d\u043d\u044f.<\/li>\n\n\n\n<li>\u0414\u0435\u0442\u0430\u043b\u044c\u043d\u0456\u0448\u0443 \u0456\u043d\u0444\u043e\u0440\u043c\u0430\u0446\u0456\u044e \u043f\u0440\u043e \u043f\u043e\u0441\u043b\u0443\u0433\u0438 \u0432\u0438 \u0437\u043d\u0430\u0439\u0434\u0435\u0442\u0435 \u0442\u0443\u0442 <a href=\"https:\/\/www.balikovna.cz\/cs\/uvod\">https:\/\/www.balikovna.cz\/cs\/uvod<\/a><\/li>\n\n\n\n<li>&nbsp;<\/li>\n<\/ul>\n\n\n\n<p><strong>\u041a\u0443\u0440\u2019\u0454\u0440\u0441\u044c\u043a\u0430 \u0434\u043e\u0441\u0442\u0430\u0432\u043a\u0430 <\/strong><strong>\u0447\u0435\u0440\u0435\u0437<\/strong><strong> <\/strong><strong>Bal\u00edkovna <\/strong><strong><em><u><\/u><\/em><\/strong><\/p>\n\n\n\n<ul class=\"wp-block-list\">\n<li>\u041f\u0440\u043e \u0434\u043e\u0441\u0442\u0430\u0432\u043a\u0443 \u0432\u0438 \u0431\u0443\u0434\u0435\u0442\u0435 \u043f\u043e\u0456\u043d\u0444\u043e\u0440\u043c\u043e\u0432\u0430\u043d\u0456 SMS-\u043f\u043e\u0432\u0456\u0434\u043e\u043c\u043b\u0435\u043d\u043d\u044f\u043c.<\/li>\n\n\n\n<li>\u042f\u043a\u0449\u043e \u0434\u043e\u0441\u0442\u0430\u0432\u043a\u0430 \u043d\u0435 \u0432\u0456\u0434\u0431\u0443\u0434\u0435\u0442\u044c\u0441\u044f, \u043f\u043e\u0441\u0438\u043b\u043a\u0430 \u0447\u0435\u043a\u0430\u0442\u0438\u043c\u0435 \u043d\u0430 \u0432\u0430\u0441 \u0443 \u0432\u0456\u0434\u0434\u0456\u043b\u0435\u043d\u043d\u0456 \u043f\u043e\u0448\u0442\u0438 \u0432\u043f\u0440\u043e\u0434\u043e\u0432\u0436 7 \u0434\u043d\u0456\u0432.<\/li>\n<\/ul>\n\n\n\n<p><strong>\u0412\u0430\u0440\u0442\u0456\u0441\u0442\u044c \u0434\u043e\u0441\u0442\u0430\u0432\u043a\u0438<\/strong><strong>:<\/strong><\/p>\n\n\n\n<p>\u041d\u0430 \u043f\u0443\u043d\u043a\u0442 \u0432\u0438\u0434\u0430\u0447\u0456 (\u0432\u0456\u0434\u0434\u0456\u043b\u0435\u043d\u043d\u044f \/ Alzabox):<\/p>\n\n\n\n<ul class=\"wp-block-list\">\n<li>\u041e\u043f\u043b\u0430\u0442\u0430 \u043d\u0430\u043f\u0435\u0440\u0435\u0434 \u2013 75 K\u010d<\/li>\n\n\n\n<li>\u041e\u043f\u043b\u0430\u0442\u0430 \u043f\u0440\u0438 \u043e\u0442\u0440\u0438\u043c\u0430\u043d\u043d\u0456 \u2013 94 K\u010d<\/li>\n<\/ul>\n\n\n\n<p>\u041a\u0443\u0440\u2019\u0454\u0440\u0441\u044c\u043a\u0430 \u0434\u043e\u0441\u0442\u0430\u0432\u043a\u0430:<\/p>\n\n\n\n<ul class=\"wp-block-list\">\n<li>\u041e\u043f\u043b\u0430\u0442\u0430 \u043d\u0430\u043f\u0435\u0440\u0435\u0434 \u2013 105 K\u010d<\/li>\n\n\n\n<li>\u041e\u043f\u043b\u0430\u0442\u0430 \u043f\u0440\u0438 \u043e\u0442\u0440\u0438\u043c\u0430\u043d\u043d\u0456 \u2013 124 K\u010d<\/li>\n<\/ul>\n\n\n\n<p><strong>\u0414\u043e\u0441\u0442\u0430\u0432\u043a\u0430 \u0447\u0435\u0440\u0435\u0437<\/strong> PPL<\/p>\n\n\n\n<ul class=\"wp-block-list\">\n<li>\u0412\u0438 \u043c\u043e\u0436\u0435\u0442\u0435 \u0437\u0430\u0431\u0440\u0430\u0442\u0438 \u043f\u043e\u0441\u0438\u043b\u043a\u0443 \u0443 PPL Parcelshop \u0432\u043f\u0440\u043e\u0434\u043e\u0432\u0436 7 \u043a\u0430\u043b\u0435\u043d\u0434\u0430\u0440\u043d\u0438\u0445 \u0434\u043d\u0456\u0432.<\/li>\n\n\n\n<li>\u0423 PPL Parcelbox \u043f\u043e\u0441\u0438\u043b\u043a\u0430 \u0437\u0431\u0435\u0440\u0456\u0433\u0430\u0454\u0442\u044c\u0441\u044f \u0434\u043e 3 \u043a\u0430\u043b\u0435\u043d\u0434\u0430\u0440\u043d\u0438\u0445 \u0434\u043d\u0456\u0432 \u0432\u0456\u0434 \u043c\u043e\u043c\u0435\u043d\u0442\u0443 \u043e\u0442\u0440\u0438\u043c\u0430\u043d\u043d\u044f SMS, e-mail\u0443 \u0447\u0438 \u0441\u043f\u043e\u0432\u0456\u0449\u0435\u043d\u043d\u044f \u0432 \u043c\u043e\u0431\u0456\u043b\u044c\u043d\u043e\u043c\u0443 \u0437\u0430\u0441\u0442\u043e\u0441\u0443\u043d\u043a\u0443 mojePPL.<\/li>\n\n\n\n<li>\u041f\u043e\u0441\u0438\u043b\u043a\u0443 \u043c\u043e\u0436\u0435 \u043e\u0442\u0440\u0438\u043c\u0430\u0442\u0438 \u043d\u0435 \u043b\u0438\u0448\u0435 \u0430\u0434\u0440\u0435\u0441\u0430\u0442 \u2014 \u0434\u043e\u0441\u0442\u0430\u0442\u043d\u044c\u043e \u043f\u043e\u0432\u0456\u0434\u043e\u043c\u0438\u0442\u0438 PIN \u0434\u043b\u044f \u043e\u0442\u0440\u0438\u043c\u0430\u043d\u043d\u044f.<\/li>\n\n\n\n<li>\u0412\u0438 \u043c\u043e\u0436\u0435\u0442\u0435 \u0437\u043c\u0456\u043d\u0438\u0442\u0438 \u0447\u0430\u0441 \u0456 \u043c\u0456\u0441\u0446\u0435 \u043e\u0442\u0440\u0438\u043c\u0430\u043d\u043d\u044f, \u0430\u0431\u043e \u0436 \u043f\u043e\u0441\u0438\u043b\u043a\u0430 \u0431\u0443\u0434\u0435 \u0437\u0431\u0435\u0440\u0435\u0436\u0435\u043d\u0430 \u0443 \u043f\u0443\u043d\u043a\u0442\u0456 \u0432\u0438\u0434\u0430\u0447\u0456 PPL.<\/li>\n\n\n\n<li>\u0414\u0435\u0442\u0430\u043b\u044c\u043d\u0456\u0448\u0443 \u0456\u043d\u0444\u043e\u0440\u043c\u0430\u0446\u0456\u044e \u043c\u043e\u0436\u043d\u0430 \u0437\u043d\u0430\u0439\u0442\u0438 \u043d\u0430 \u0441\u0430\u0439\u0442\u0456 PPL <a href=\"https:\/\/www.ppl.cz\/\">https:\/\/www.ppl.cz\/<\/a><\/li>\n\n\n\n<li>&nbsp;<\/li>\n<\/ul>\n\n\n\n<p><strong>\u0412\u0430\u0440\u0442\u0456\u0441\u0442\u044c \u0434\u043e\u0441\u0442\u0430\u0432\u043a\u0438<\/strong><strong>:<\/strong><\/p>\n\n\n\n<p>\u041d\u0430 \u043f\u0443\u043d\u043a\u0442 \u0432\u0438\u0434\u0430\u0447\u0456:<\/p>\n\n\n\n<ul class=\"wp-block-list\">\n<li>\u041e\u043f\u043b\u0430\u0442\u0430 \u043d\u0430\u043f\u0435\u0440\u0435\u0434 \u2013 76 K\u010d<\/li>\n\n\n\n<li>\u041e\u043f\u043b\u0430\u0442\u0430 \u043f\u0440\u0438 \u043e\u0442\u0440\u0438\u043c\u0430\u043d\u043d\u0456 \u2013 95 K\u010d<\/li>\n<\/ul>\n\n\n\n<p>\u041a\u0443\u0440\u2019\u0454\u0440\u0441\u044c\u043a\u0430 \u0434\u043e\u0441\u0442\u0430\u0432\u043a\u0430 \u0434\u043e\u0434\u043e\u043c\u0443:<\/p>\n\n\n\n<ul class=\"wp-block-list\">\n<li>\u041e\u043f\u043b\u0430\u0442\u0430 \u043d\u0430\u043f\u0435\u0440\u0435\u0434 \u2013 106 K\u010d<\/li>\n\n\n\n<li>\u041e\u043f\u043b\u0430\u0442\u0430 \u043f\u0440\u0438 \u043e\u0442\u0440\u0438\u043c\u0430\u043d\u043d\u0456 \u2013 125 K\u010d<\/li>\n<\/ul>\n\n\n\n<p><strong><em><u>\u0414\u043e\u0441\u0442\u0430\u0432\u043a\u0430 \u0443 \u0456\u043d\u0448\u0456 \u043a\u0440\u0430\u0457\u043d\u0438:<\/u><\/em><\/strong><\/p>\n\n\n\n<p><strong>\u0414\u043e\u0441\u0442\u0430\u0432\u043a\u0430 \u0432 \u0456\u043d\u0448\u0456 \u043a\u0440\u0430\u0457\u043d\u0438<\/strong><\/p>\n\n\n\n<ul class=\"wp-block-list\">\n<li>\u041f\u043e\u0441\u0438\u043b\u043a\u0438 \u0434\u043e \u0421\u043b\u043e\u0432\u0430\u0447\u0447\u0438\u043d\u0438 \u043d\u0430\u0434\u0441\u0438\u043b\u0430\u0454\u043c\u043e \u044f\u043a \u043d\u0430 \u0430\u0434\u0440\u0435\u0441\u0443, \u0442\u0430\u043a \u0456 \u0443 \u043f\u0443\u043d\u043a\u0442\u0438 \u0432\u0438\u0434\u0430\u0447\u0456 Packeta.<\/li>\n\n\n\n<li>\u0414\u043e \u0456\u043d\u0448\u0438\u0445 \u043a\u0440\u0430\u0457\u043d \u0434\u043e\u0441\u0442\u0430\u0432\u043a\u0430 \u0437\u0434\u0456\u0439\u0441\u043d\u044e\u0454\u0442\u044c\u0441\u044f \u043b\u0438\u0448\u0435 \u043d\u0430 \u0430\u0434\u0440\u0435\u0441\u0443 (\u043d\u0435 \u0443 \u043f\u0443\u043d\u043a\u0442\u0438 \u0432\u0438\u0434\u0430\u0447\u0456).<\/li>\n\n\n\n<li>\u041e\u043f\u043b\u0430\u0442\u0430 \u0437\u0430\u043c\u043e\u0432\u043b\u0435\u043d\u044c \u0437\u0430 \u043a\u043e\u0440\u0434\u043e\u043d \u043c\u043e\u0436\u043b\u0438\u0432\u0430 \u043b\u0438\u0448\u0435 \u043d\u0430\u043f\u0435\u0440\u0435\u0434, \u0431\u0435\u0437 \u043c\u043e\u0436\u043b\u0438\u0432\u043e\u0441\u0442\u0456 \u043e\u043f\u043b\u0430\u0442\u0438 \u0433\u043e\u0442\u0456\u0432\u043a\u043e\u044e \u043f\u0440\u0438 \u043e\u0442\u0440\u0438\u043c\u0430\u043d\u043d\u0456.<\/li>\n<\/ul>\n\n\n\n<p><\/p>\n","protected":false},"excerpt":{"rendered":"<p>\u041f\u043e\u0441\u0442\u0430\u0447\u0430\u043b\u044c\u043d\u0438\u043a \u043f\u043b\u0430\u0442\u0456\u0436\u043d\u043e\u0433\u043e \u0448\u043b\u044e\u0437\u0443 \u041e\u043d\u043b\u0430\u0439\u043d-\u043f\u043b\u0430\u0442\u0435\u0436\u0456 \u0434\u043b\u044f \u043d\u0430\u0448\u043e\u0433\u043e \u0456\u043d\u0442\u0435\u0440\u043d\u0435\u0442-\u043c\u0430\u0433\u0430\u0437\u0438\u043d\u0443 \u0437\u0430\u0431\u0435\u0437\u043f\u0435\u0447\u0443\u0454 \u043a\u043e\u043c\u043f\u0430\u043d\u0456\u044f Comgate, a.s. \u0414\u0435\u0442\u0430\u043b\u044c\u043d\u0456\u0448\u0443 \u0456\u043d\u0444\u043e\u0440\u043c\u0430\u0446\u0456\u044e \u043c\u043e\u0436\u043d\u0430 \u0437\u043d\u0430\u0439\u0442\u0438 \u043d\u0430 \u0441\u0442\u043e\u0440\u0456\u043d\u0446\u0456: www.comgate.cz\/platebni-brana \u0421\u043f\u043e\u0441\u043e\u0431\u0438 \u043e\u043f\u043b\u0430\u0442\u0438 \u041c\u0438 \u043f\u0440\u043e\u043f\u043e\u043d\u0443\u0454\u043c\u043e \u0448\u0432\u0438\u0434\u043a\u0456 \u0442\u0430 \u0431\u0435\u0437\u043f\u0435\u0447\u043d\u0456 \u0432\u0430\u0440\u0456\u0430\u043d\u0442\u0438 \u043e\u043f\u043b\u0430\u0442\u0438 \u2014 \u0431\u0430\u043d\u043a\u0456\u0432\u0441\u044c\u043a\u043e\u044e \u043a\u0430\u0440\u0442\u043a\u043e\u044e \u0430\u0431\u043e \u043e\u043d\u043b\u0430\u0439\u043d-\u043f\u0435\u0440\u0435\u043a\u0430\u0437\u043e\u043c \u0447\u0435\u0440\u0435\u0437 \u043f\u043b\u0430\u0442\u0456\u0436\u043d\u0456 \u043a\u043d\u043e\u043f\u043a\u0438 \u043e\u043a\u0440\u0435\u043c\u0438\u0445 \u0431\u0430\u043d\u043a\u0456\u0432. \u0414\u043e\u043a\u043b\u0430\u0434\u043d\u0456\u0448\u0435 \u043f\u0440\u043e \u043f\u0440\u043e\u0446\u0435\u0441 \u043e\u043f\u043b\u0430\u0442\u0438 \u043c\u043e\u0436\u043d\u0430 \u0434\u0456\u0437\u043d\u0430\u0442\u0438\u0441\u044f \u0442\u0443\u0442: \u2022 \u041e\u043f\u043b\u0430\u0442\u0430 \u043a\u0430\u0440\u0442\u043a\u043e\u044e \u2014 \u0456\u043d\u0441\u0442\u0440\u0443\u043a\u0446\u0456\u044f \u0442\u0430 \u0456\u043d\u0444\u043e\u0440\u043c\u0430\u0446\u0456\u044f \u2022 \u0411\u0430\u043d\u043a\u0456\u0432\u0441\u044c\u043a\u0456 \u043f\u0435\u0440\u0435\u043a\u0430\u0437\u0438 \u2014 [&hellip;]<\/p>\n","protected":false},"author":1,"featured_media":0,"parent":0,"menu_order":0,"comment_status":"closed","ping_status":"open","template":"","meta":{"footnotes":""},"class_list":["post-9248","page","type-page","status-publish","hentry"],"_links":{"self":[{"href":"https:\/\/svojeridne.com\/uk\/wp-json\/wp\/v2\/pages\/9248","targetHints":{"allow":["GET"]}}],"collection":[{"href":"https:\/\/svojeridne.com\/uk\/wp-json\/wp\/v2\/pages"}],"about":[{"href":"https:\/\/svojeridne.com\/uk\/wp-json\/wp\/v2\/types\/page"}],"author":[{"embeddable":true,"href":"https:\/\/svojeridne.com\/uk\/wp-json\/wp\/v2\/users\/1"}],"replies":[{"embeddable":true,"href":"https:\/\/svojeridne.com\/uk\/wp-json\/wp\/v2\/comments?post=9248"}],"version-history":[{"count":9,"href":"https:\/\/svojeridne.com\/uk\/wp-json\/wp\/v2\/pages\/9248\/revisions"}],"predecessor-version":[{"id":9318,"href":"https:\/\/svojeridne.com\/uk\/wp-json\/wp\/v2\/pages\/9248\/revisions\/9318"}],"wp:attachment":[{"href":"https:\/\/svojeridne.com\/uk\/wp-json\/wp\/v2\/media?parent=9248"}],"curies":[{"name":"wp","href":"https:\/\/api.w.org\/{rel}","templated":true}]}}