{"id":9246,"date":"2025-09-03T17:23:04","date_gmt":"2025-09-03T17:23:04","guid":{"rendered":"https:\/\/svojeridne.com\/?page_id=9246"},"modified":"2025-11-05T14:19:07","modified_gmt":"2025-11-05T14:19:07","slug":"%d0%ba%d0%be%d0%bd%d1%82%d0%b0%d0%ba%d1%82%d0%b8","status":"publish","type":"page","link":"https:\/\/svojeridne.com\/uk\/%d0%ba%d0%be%d0%bd%d1%82%d0%b0%d0%ba%d1%82%d0%b8\/","title":{"rendered":"\u041a\u043e\u043d\u0442\u0430\u043a\u0442\u0438"},"content":{"rendered":"\n<p>\u0410\u0434\u0440\u0456\u0430\u043d\u0430 \u0425\u0443\u0434\u0437\u0456\u043a, I\u010cO 22284427, \u0437\u0430\u0440\u0435\u0454\u0441\u0442\u0440\u043e\u0432\u0430\u043d\u0430 \u0437\u0430 \u0430\u0434\u0440\u0435\u0441\u043e\u044e Selsk\u00e1 3589, 430 01 \u0425\u043e\u043c\u0443\u0442\u043e\u0432, \u0437\u0430\u0440\u0435\u0454\u0441\u0442\u0440\u043e\u0432\u0430\u043d\u0430 \u0432 \u0422\u043e\u0440\u0433\u043e\u0432\u043e\u043c\u0443 \u0440\u0435\u0454\u0441\u0442\u0440\u0456 \u044f\u043a \u0441\u0430\u043c\u043e\u0437\u0430\u0439\u043d\u044f\u0442\u0430 \u043e\u0441\u043e\u0431\u0430 (\u0434\u0430\u043b\u0456 \u2013 \u00ab\u043f\u0440\u043e\u0434\u0430\u0432\u0435\u0446\u044c\u00bb \u0430\u0431\u043e \u00ab\u0430\u0434\u043c\u0456\u043d\u0456\u0441\u0442\u0440\u0430\u0442\u043e\u0440\u00bb), \u043e\u0431\u0440\u043e\u0431\u043b\u044f\u0454 \u0442\u0430\u043a\u0456 \u043f\u0435\u0440\u0441\u043e\u043d\u0430\u043b\u044c\u043d\u0456 \u0434\u0430\u043d\u0456 \u0443 \u0437\u043d\u0430\u0447\u0435\u043d\u043d\u0456 \u0420\u0435\u0433\u043b\u0430\u043c\u0435\u043d\u0442\u0443 \u0404\u0432\u0440\u043e\u043f\u0435\u0439\u0441\u044c\u043a\u043e\u0433\u043e \u041f\u0430\u0440\u043b\u0430\u043c\u0435\u043d\u0442\u0443 \u0442\u0430 \u0420\u0430\u0434\u0438 (\u0404\u0421) \u2116 2016\/679 \u043f\u0440\u043e \u0437\u0430\u0445\u0438\u0441\u0442 \u0444\u0456\u0437\u0438\u0447\u043d\u0438\u0445 \u043e\u0441\u0456\u0431 \u0441\u0442\u043e\u0441\u043e\u0432\u043d\u043e \u043e\u0431\u0440\u043e\u0431\u043a\u0438 \u043f\u0435\u0440\u0441\u043e\u043d\u0430\u043b\u044c\u043d\u0438\u0445 \u0434\u0430\u043d\u0438\u0445 \u0442\u0430 \u043f\u0440\u043e \u0432\u0456\u043b\u044c\u043d\u0438\u0439 \u0440\u0443\u0445 \u0442\u0430\u043a\u0438\u0445 \u0434\u0430\u043d\u0438\u0445, \u0449\u043e \u0441\u043a\u0430\u0441\u043e\u0432\u0443\u0454 \u0414\u0438\u0440\u0435\u043a\u0442\u0438\u0432\u0443 95\/46\/\u0404\u0421 (\u0417\u0430\u0433\u0430\u043b\u044c\u043d\u0438\u0439 \u0440\u0435\u0433\u043b\u0430\u043c\u0435\u043d\u0442 \u043f\u0440\u043e \u0437\u0430\u0445\u0438\u0441\u0442 \u0434\u0430\u043d\u0438\u0445, \u0434\u0430\u043b\u0456 \u2013 \u00ab\u0420\u0435\u0433\u043b\u0430\u043c\u0435\u043d\u0442\u00bb \u0430\u0431\u043e \u00abGDPR\u00bb)<br><br>Adriana Khudzik, I\u010cO 22284427, se s\u00eddlem Selsk\u00e1 3589, 430 01 Chomutov, zapsan\u00e1 v obchodn\u00edm rejst\u0159\u00edku jako osoba samostatn\u011b v\u00fdd\u011ble\u010dn\u011b \u010dinn\u00e1 (d\u00e1le jen \u201eprod\u00e1vaj\u00edc\u00ed\u201c nebo \u201espr\u00e1vce\u201c), zpracov\u00e1v\u00e1 tyto osobn\u00ed \u00fadaje ve smyslu na\u0159\u00edzen\u00ed Evropsk\u00e9ho parlamentu a Rady (EU) \u010d. 2016\/679 o ochran\u011b fyzick\u00fdch osob v souvislosti se zpracov\u00e1n\u00edm osobn\u00edch \u00fadaj\u016f a o voln\u00e9m pohybu t\u011bchto \u00fadaj\u016f, kter\u00fdm se zru\u0161uje sm\u011brnice 95\/46\/ES (obecn\u00e9 na\u0159\u00edzen\u00ed o ochran\u011b osobn\u00edch \u00fadaj\u016f, d\u00e1le jen \u201ena\u0159\u00edzen\u00ed\u201c nebo \u201eGDPR\u201c)<\/p>\n\n\n\n<ol start=\"1\" class=\"wp-block-list\">\n<li><\/li>\n<\/ol>\n\n\n\n<p>E-mail: <strong><a href=\"mailto:svoje.ridne.cz@gmail.com\">svoje.ridne.cz@gmail.com<\/a><\/strong><\/p>\n\n\n\n<p>Tell: <a href=\"tel:420774351478\">+420774351478<\/a><\/p>\n\n\n\n<p><\/p>\n","protected":false},"excerpt":{"rendered":"<p>\u0410\u0434\u0440\u0456\u0430\u043d\u0430 \u0425\u0443\u0434\u0437\u0456\u043a, I\u010cO 22284427, \u0437\u0430\u0440\u0435\u0454\u0441\u0442\u0440\u043e\u0432\u0430\u043d\u0430 \u0437\u0430 \u0430\u0434\u0440\u0435\u0441\u043e\u044e Selsk\u00e1 3589, 430 01 \u0425\u043e\u043c\u0443\u0442\u043e\u0432, \u0437\u0430\u0440\u0435\u0454\u0441\u0442\u0440\u043e\u0432\u0430\u043d\u0430 \u0432 \u0422\u043e\u0440\u0433\u043e\u0432\u043e\u043c\u0443 \u0440\u0435\u0454\u0441\u0442\u0440\u0456 \u044f\u043a \u0441\u0430\u043c\u043e\u0437\u0430\u0439\u043d\u044f\u0442\u0430 \u043e\u0441\u043e\u0431\u0430 (\u0434\u0430\u043b\u0456 \u2013 \u00ab\u043f\u0440\u043e\u0434\u0430\u0432\u0435\u0446\u044c\u00bb \u0430\u0431\u043e \u00ab\u0430\u0434\u043c\u0456\u043d\u0456\u0441\u0442\u0440\u0430\u0442\u043e\u0440\u00bb), \u043e\u0431\u0440\u043e\u0431\u043b\u044f\u0454 \u0442\u0430\u043a\u0456 \u043f\u0435\u0440\u0441\u043e\u043d\u0430\u043b\u044c\u043d\u0456 \u0434\u0430\u043d\u0456 \u0443 \u0437\u043d\u0430\u0447\u0435\u043d\u043d\u0456 \u0420\u0435\u0433\u043b\u0430\u043c\u0435\u043d\u0442\u0443 \u0404\u0432\u0440\u043e\u043f\u0435\u0439\u0441\u044c\u043a\u043e\u0433\u043e \u041f\u0430\u0440\u043b\u0430\u043c\u0435\u043d\u0442\u0443 \u0442\u0430 \u0420\u0430\u0434\u0438 (\u0404\u0421) \u2116 2016\/679 \u043f\u0440\u043e \u0437\u0430\u0445\u0438\u0441\u0442 \u0444\u0456\u0437\u0438\u0447\u043d\u0438\u0445 \u043e\u0441\u0456\u0431 \u0441\u0442\u043e\u0441\u043e\u0432\u043d\u043e \u043e\u0431\u0440\u043e\u0431\u043a\u0438 \u043f\u0435\u0440\u0441\u043e\u043d\u0430\u043b\u044c\u043d\u0438\u0445 \u0434\u0430\u043d\u0438\u0445 \u0442\u0430 \u043f\u0440\u043e \u0432\u0456\u043b\u044c\u043d\u0438\u0439 \u0440\u0443\u0445 \u0442\u0430\u043a\u0438\u0445 \u0434\u0430\u043d\u0438\u0445, \u0449\u043e \u0441\u043a\u0430\u0441\u043e\u0432\u0443\u0454 \u0414\u0438\u0440\u0435\u043a\u0442\u0438\u0432\u0443 [&hellip;]<\/p>\n","protected":false},"author":1,"featured_media":0,"parent":0,"menu_order":0,"comment_status":"closed","ping_status":"open","template":"","meta":{"footnotes":""},"class_list":["post-9246","page","type-page","status-publish","hentry"],"_links":{"self":[{"href":"https:\/\/svojeridne.com\/uk\/wp-json\/wp\/v2\/pages\/9246","targetHints":{"allow":["GET"]}}],"collection":[{"href":"https:\/\/svojeridne.com\/uk\/wp-json\/wp\/v2\/pages"}],"about":[{"href":"https:\/\/svojeridne.com\/uk\/wp-json\/wp\/v2\/types\/page"}],"author":[{"embeddable":true,"href":"https:\/\/svojeridne.com\/uk\/wp-json\/wp\/v2\/users\/1"}],"replies":[{"embeddable":true,"href":"https:\/\/svojeridne.com\/uk\/wp-json\/wp\/v2\/comments?post=9246"}],"version-history":[{"count":3,"href":"https:\/\/svojeridne.com\/uk\/wp-json\/wp\/v2\/pages\/9246\/revisions"}],"predecessor-version":[{"id":9306,"href":"https:\/\/svojeridne.com\/uk\/wp-json\/wp\/v2\/pages\/9246\/revisions\/9306"}],"wp:attachment":[{"href":"https:\/\/svojeridne.com\/uk\/wp-json\/wp\/v2\/media?parent=9246"}],"curies":[{"name":"wp","href":"https:\/\/api.w.org\/{rel}","templated":true}]}}