{"id":3,"date":"2025-08-28T19:02:02","date_gmt":"2025-08-28T19:02:02","guid":{"rendered":"http:\/\/svojeridne.com\/?page_id=3"},"modified":"2025-09-11T19:33:51","modified_gmt":"2025-09-11T19:33:51","slug":"privacy-policy","status":"publish","type":"page","link":"https:\/\/svojeridne.com\/uk\/privacy-policy\/","title":{"rendered":"Podm\u00ednky ochrany osobn\u00edch \u00fadaj\u016f"},"content":{"rendered":"\n<p><strong>Podm\u00ednky ochrany osobn\u00edch \u00fadaj\u016f<\/strong><\/p>\n\n\n\n<p><strong>I. Z\u00e1kladn\u00ed ustanoven\u00ed<\/strong><\/p>\n\n\n\n<ol start=\"1\" class=\"wp-block-list\">\n<li>Adriana Khudzik, I\u010cO 22284427, se s\u00eddlem Selsk\u00e1 3589, 430 01 Chomutov, zapsan\u00e1 v \u017eivnostensk\u00e9m rejst\u0159\u00edku jako OSV\u010c (d\u00e1le jen \u201eprod\u00e1vaj\u00edc\u00ed\u201c nebo \u201espr\u00e1vce\u201c), zpracov\u00e1v\u00e1 ve smyslu na\u0159\u00edzen\u00ed Evropsk\u00e9ho parlamentu a Rady (EU) \u010d. 2016\/679 o ochran\u011b fyzick\u00fdch osob v souvislosti se zpracov\u00e1n\u00edm osobn\u00edch \u00fadaj\u016f a o voln\u00e9m pohybu t\u011bchto \u00fadaj\u016f a o zru\u0161en\u00ed sm\u011brnice 95\/46\/ES (obecn\u00e9 na\u0159\u00edzen\u00ed o ochran\u011b osobn\u00edch \u00fadaj\u016f, d\u00e1le jen \u201eNa\u0159\u00edzen\u00ed\u201c nebo \u201eGDPR\u201c), n\u00e1sleduj\u00edc\u00ed osobn\u00ed \u00fadaje:\n<ul class=\"wp-block-list\">\n<li>jm\u00e9no, p\u0159\u00edjmen\u00ed<\/li>\n\n\n\n<li>e-mailov\u00e1 adresa<\/li>\n\n\n\n<li>telefonn\u00ed \u010d\u00edslo<\/li>\n\n\n\n<li>adresa\/s\u00eddlo<\/li>\n<\/ul>\n<\/li>\n<\/ol>\n\n\n\n<ol start=\"2\" class=\"wp-block-list\">\n<li>Kontaktn\u00ed \u00fadaje spr\u00e1vce jsou:<\/li>\n<\/ol>\n\n\n\n<p>e-mail: svoje.ridne.cz@gmail.com<\/p>\n\n\n\n<ol start=\"3\" class=\"wp-block-list\">\n<li>Spr\u00e1vce nejmenoval pov\u011b\u0159ence pro ochranu osobn\u00edch \u00fadaj\u016f.<\/li>\n<\/ol>\n\n\n\n<p><strong>II. Zdroje a kategorie zpracov\u00e1van\u00fdch osobn\u00edch \u00fadaj\u016f<\/strong><strong><\/strong><\/p>\n\n\n\n<ol start=\"4\" class=\"wp-block-list\">\n<li>Spr\u00e1vce zpracov\u00e1v\u00e1 osobn\u00ed \u00fadaje, kter\u00e9 jste mu poskytl\/a, nebo \u00fadaje, kter\u00e9 spr\u00e1vce z\u00edskal na z\u00e1klad\u011b pln\u011bn\u00ed Va\u0161\u00ed objedn\u00e1vky.<\/li>\n\n\n\n<li>Spr\u00e1vce zpracov\u00e1v\u00e1 Va\u0161e identifika\u010dn\u00ed a kontaktn\u00ed \u00fadaje a \u00fadaje nezbytn\u00e9 pro pln\u011bn\u00ed smlouvy.<\/li>\n\n\n\n<li>Spr\u00e1vce zaznamen\u00e1v\u00e1 a vyhodnocuje anonymizovan\u00fd pohyb u\u017eivatel\u016f na webu za \u00fa\u010delem prov\u00e1d\u011bn\u00ed marketingov\u00fdch anal\u00fdz a statistik (nap\u0159. prost\u0159ednictv\u00edm cookies a analytick\u00fdch n\u00e1stroj\u016f).<\/li>\n<\/ol>\n\n\n\n<p><strong>III. Z\u00e1konn\u00fd d\u016fvod a \u00fa\u010del zpracov\u00e1n\u00ed osobn\u00edch \u00fadaj\u016f<\/strong><strong><\/strong><\/p>\n\n\n\n<ol start=\"7\" class=\"wp-block-list\">\n<li>Z\u00e1konn\u00fdm d\u016fvodem zpracov\u00e1n\u00ed osobn\u00edch \u00fadaj\u016f je:\n<ol start=\"1\" class=\"wp-block-list\">\n<li>pln\u011bn\u00ed smlouvy mezi V\u00e1mi a spr\u00e1vcem podle \u010dl. 6 odst. 1 p\u00edsm. b) GDPR,<\/li>\n\n\n\n<li>opr\u00e1vn\u011bn\u00fd z\u00e1jem spr\u00e1vce na poskytov\u00e1n\u00ed p\u0159\u00edm\u00e9ho marketingu (zejm\u00e9na pro zas\u00edl\u00e1n\u00ed obchodn\u00edch sd\u011blen\u00ed a newsletter\u016f) podle \u010dl. 6 odst. 1 p\u00edsm. f) GDPR,<\/li>\n\n\n\n<li>V\u00e1\u0161 souhlas se zpracov\u00e1n\u00edm pro \u00fa\u010dely poskytov\u00e1n\u00ed p\u0159\u00edm\u00e9ho marketingu (zejm\u00e9na pro zas\u00edl\u00e1n\u00ed obchodn\u00edch sd\u011blen\u00ed a newsletter\u016f) podle \u010dl. 6 odst. 1 p\u00edsm. a) GDPR ve spojen\u00ed s \u00a7 7 odst. 2 z\u00e1kona \u010d. 480\/2004 Sb., o n\u011bkter\u00fdch slu\u017eb\u00e1ch informa\u010dn\u00ed spole\u010dnosti, v p\u0159\u00edpad\u011b, \u017ee nedo\u0161lo k objedn\u00e1vce zbo\u017e\u00ed nebo slu\u017eby.<\/li>\n<\/ol>\n<\/li>\n\n\n\n<li>\u00da\u010delem zpracov\u00e1n\u00ed osobn\u00edch \u00fadaj\u016f je:<\/li>\n<\/ol>\n\n\n\n<ol start=\"8\" class=\"wp-block-list\">\n<li>odbaven\u00ed objedn\u00e1vek a dal\u0161\u00ed pln\u011bn\u00ed ze smlouvy, pokud mezi V\u00e1mi a prod\u00e1vaj\u00edc\u00edm dojde k uzav\u0159en\u00ed kupn\u00ed smlouvy (\u010dl. 6 odst. 1 p\u00edsm. b) GDPR),<\/li>\n\n\n\n<li>zas\u00edl\u00e1n\u00ed obchodn\u00edch sd\u011blen\u00ed a prov\u00e1d\u011bn\u00ed dal\u0161\u00edch marketingov\u00fdch aktivit.<\/li>\n\n\n\n<li>Ze strany spr\u00e1vce nedoch\u00e1z\u00ed k automatick\u00e9mu individu\u00e1ln\u00edmu rozhodov\u00e1n\u00ed ve smyslu \u010dl. 22 GDPR.<\/li>\n<\/ol>\n\n\n\n<p><strong>IV. Doba uchov\u00e1v\u00e1n\u00ed \u00fadaj\u016f<\/strong><strong><\/strong><\/p>\n\n\n\n<ol start=\"10\" class=\"wp-block-list\">\n<li>Spr\u00e1vce uchov\u00e1v\u00e1 osobn\u00ed \u00fadaje:<\/li>\n\n\n\n<li>za \u00fa\u010delem evidence smlouvy a p\u0159\u00edpadn\u00e9ho budouc\u00edho uplatn\u011bn\u00ed a obrany pr\u00e1v a povinnost\u00ed smluvn\u00edch stran po dobu 10 let od realizace posledn\u00ed \u010d\u00e1sti pln\u011bn\u00ed dle smlouvy (\u010dl. 6 odst. 1 p\u00edsm. c) a f) GDPR),<\/li>\n\n\n\n<li>po dobu, ne\u017e je odvol\u00e1n souhlas se zpracov\u00e1n\u00edm osobn\u00edch \u00fadaj\u016f pro \u00fa\u010dely marketingu, nejd\u00e9le v\u0161ak 5 let, jsou-li osobn\u00ed \u00fadaje zpracov\u00e1v\u00e1ny na z\u00e1klad\u011b souhlasu.<\/li>\n\n\n\n<li>Po uplynut\u00ed doby uchov\u00e1v\u00e1n\u00ed osobn\u00edch \u00fadaj\u016f spr\u00e1vce osobn\u00ed \u00fadaje vyma\u017ee.<\/li>\n<\/ol>\n\n\n\n<p><strong>V. P\u0159\u00edjemci osobn\u00edch \u00fadaj\u016f (subdodavatel\u00e9 spr\u00e1vce)<\/strong><strong><\/strong><\/p>\n\n\n\n<ol start=\"12\" class=\"wp-block-list\">\n<li>P\u0159\u00edjemci osobn\u00edch \u00fadaj\u016f jsou osoby:<\/li>\n\n\n\n<li>pod\u00edlej\u00edc\u00ed se na dod\u00e1n\u00ed zbo\u017e\u00ed\/slu\u017eeb\/realizaci plateb na z\u00e1klad\u011b smlouvy,<\/li>\n\n\n\n<li>zaji\u0161\u0165uj\u00edc\u00ed slu\u017eby provozov\u00e1n\u00ed e-shopu a dal\u0161\u00ed souvisej\u00edc\u00ed slu\u017eby,<\/li>\n\n\n\n<li>zaji\u0161\u0165uj\u00edc\u00ed marketingov\u00e9 slu\u017eby.<\/li>\n\n\n\n<li>Pokud spr\u00e1vce vyu\u017e\u00edv\u00e1 poskytovatele slu\u017eeb, kte\u0159\u00ed mohou p\u0159ed\u00e1vat osobn\u00ed \u00fadaje mimo EU (nap\u0159. poskytovatel\u00e9 mailingov\u00fdch nebo cloudov\u00fdch slu\u017eeb), doch\u00e1z\u00ed k takov\u00e9mu p\u0159ed\u00e1n\u00ed pouze za p\u0159edpokladu, \u017ee je zaji\u0161t\u011bna odpov\u00eddaj\u00edc\u00ed \u00farove\u0148 ochrany osobn\u00edch \u00fadaj\u016f podle Na\u0159\u00edzen\u00ed (nap\u0159. prost\u0159ednictv\u00edm standardn\u00edch smluvn\u00edch dolo\u017eek).<\/li>\n<\/ol>\n\n\n\n<p><strong>VI. Va\u0161e pr\u00e1va<\/strong><strong><\/strong><\/p>\n\n\n\n<ol start=\"14\" class=\"wp-block-list\">\n<li>Za podm\u00ednek stanoven\u00fdch v GDPR m\u00e1te:<\/li>\n\n\n\n<li>pr\u00e1vo na p\u0159\u00edstup ke sv\u00fdm osobn\u00edm \u00fadaj\u016fm dle \u010dl. 15 GDPR,<\/li>\n\n\n\n<li>pr\u00e1vo na opravu osobn\u00edch \u00fadaj\u016f dle \u010dl. 16 GDPR, pop\u0159\u00edpad\u011b omezen\u00ed zpracov\u00e1n\u00ed dle \u010dl. 18 GDPR,<\/li>\n\n\n\n<li>pr\u00e1vo na v\u00fdmaz osobn\u00edch \u00fadaj\u016f dle \u010dl. 17 GDPR,<\/li>\n\n\n\n<li>pr\u00e1vo vzn\u00e9st n\u00e1mitku proti zpracov\u00e1n\u00ed dle \u010dl. 21 GDPR,<\/li>\n\n\n\n<li>pr\u00e1vo na p\u0159enositelnost \u00fadaj\u016f dle \u010dl. 20 GDPR,<\/li>\n\n\n\n<li>pr\u00e1vo odvolat souhlas se zpracov\u00e1n\u00edm osobn\u00edch \u00fadaj\u016f \u2013 elektronicky na e-mail spr\u00e1vce uveden\u00fd v \u010dl. I t\u011bchto podm\u00ednek,<\/li>\n\n\n\n<li>pr\u00e1vo podat st\u00ed\u017enost u \u00da\u0159adu pro ochranu osobn\u00edch \u00fadaj\u016f, pokud se domn\u00edv\u00e1te, \u017ee do\u0161lo k poru\u0161en\u00ed Va\u0161ich pr\u00e1v.<\/li>\n\n\n\n<li>D\u00e1le m\u00e1te pr\u00e1vo kdykoliv se odhl\u00e1sit z odb\u011bru obchodn\u00edch sd\u011blen\u00ed a newsletter\u016f \u2013 nap\u0159\u00edklad zasl\u00e1n\u00edm e-mailu nebo kliknut\u00edm na odkaz v obchodn\u00edm sd\u011blen\u00ed.<\/li>\n<\/ol>\n\n\n\n<p><strong>VII. Podm\u00ednky zabezpe\u010den\u00ed osobn\u00edch \u00fadaj\u016f<\/strong><strong><\/strong><\/p>\n\n\n\n<ol start=\"16\" class=\"wp-block-list\">\n<li>Spr\u00e1vce prohla\u0161uje, \u017ee p\u0159ijal ve\u0161ker\u00e1 vhodn\u00e1 technick\u00e1 a organiza\u010dn\u00ed opat\u0159en\u00ed k zabezpe\u010den\u00ed osobn\u00edch \u00fadaj\u016f.<\/li>\n\n\n\n<li>Spr\u00e1vce p\u0159ijal technick\u00e1 opat\u0159en\u00ed k zabezpe\u010den\u00ed datov\u00fdch \u00falo\u017ei\u0161\u0165 a \u00falo\u017ei\u0161\u0165 osobn\u00edch \u00fadaj\u016f v listinn\u00e9 podob\u011b, zejm\u00e9na prost\u0159ednictv\u00edm hesel, \u0161ifrov\u00e1n\u00ed a z\u00e1loh.<\/li>\n\n\n\n<li>Spr\u00e1vce prohla\u0161uje, \u017ee k osobn\u00edm \u00fadaj\u016fm maj\u00ed p\u0159\u00edstup pouze j\u00edm pov\u011b\u0159en\u00e9 osoby.<\/li>\n<\/ol>\n\n\n\n<p><strong>VIII. Z\u00e1v\u011bre\u010dn\u00e1 ustanoven\u00ed<\/strong><strong><\/strong><\/p>\n\n\n\n<ol start=\"19\" class=\"wp-block-list\">\n<li>Odesl\u00e1n\u00edm objedn\u00e1vky z internetov\u00e9ho objedn\u00e1vkov\u00e9ho formul\u00e1\u0159e potvrzujete, \u017ee jste sezn\u00e1men\/a s podm\u00ednkami ochrany osobn\u00edch \u00fadaj\u016f a \u017ee je v cel\u00e9m rozsahu p\u0159ij\u00edm\u00e1te.<\/li>\n\n\n\n<li>S t\u011bmito podm\u00ednkami souhlas\u00edte za\u0161krtnut\u00edm souhlasu prost\u0159ednictv\u00edm internetov\u00e9ho formul\u00e1\u0159e. Za\u0161krtnut\u00edm souhlasu potvrzujete, \u017ee jste sezn\u00e1men\/a s podm\u00ednkami ochrany osobn\u00edch \u00fadaj\u016f a \u017ee je v cel\u00e9m rozsahu p\u0159ij\u00edm\u00e1te.<\/li>\n\n\n\n<li>Spr\u00e1vce je opr\u00e1vn\u011bn tyto podm\u00ednky zm\u011bnit. Novou verzi podm\u00ednek ochrany osobn\u00edch \u00fadaj\u016f zve\u0159ejn\u00ed na sv\u00fdch internetov\u00fdch str\u00e1nk\u00e1ch a z\u00e1rove\u0148 V\u00e1m ji za\u0161le na e-mailovou adresu, kterou jste spr\u00e1vci poskytl\/a.<\/li>\n<\/ol>\n\n\n\n<p>Tyto podm\u00ednky nab\u00fdvaj\u00ed \u00fa\u010dinnosti dnem 1. 9. 2025.<\/p>\n","protected":false},"excerpt":{"rendered":"<p>Podm\u00ednky ochrany osobn\u00edch \u00fadaj\u016f I. Z\u00e1kladn\u00ed ustanoven\u00ed e-mail: svoje.ridne.cz@gmail.com II. Zdroje a kategorie zpracov\u00e1van\u00fdch osobn\u00edch \u00fadaj\u016f III. Z\u00e1konn\u00fd d\u016fvod a \u00fa\u010del zpracov\u00e1n\u00ed osobn\u00edch \u00fadaj\u016f IV. Doba uchov\u00e1v\u00e1n\u00ed \u00fadaj\u016f V. P\u0159\u00edjemci osobn\u00edch \u00fadaj\u016f (subdodavatel\u00e9 spr\u00e1vce) VI. Va\u0161e pr\u00e1va VII. Podm\u00ednky zabezpe\u010den\u00ed osobn\u00edch \u00fadaj\u016f VIII. Z\u00e1v\u011bre\u010dn\u00e1 ustanoven\u00ed Tyto podm\u00ednky nab\u00fdvaj\u00ed \u00fa\u010dinnosti dnem 1. 9. 2025.<\/p>\n","protected":false},"author":1,"featured_media":0,"parent":0,"menu_order":0,"comment_status":"closed","ping_status":"open","template":"","meta":{"footnotes":""},"class_list":["post-3","page","type-page","status-publish","hentry"],"_links":{"self":[{"href":"https:\/\/svojeridne.com\/uk\/wp-json\/wp\/v2\/pages\/3","targetHints":{"allow":["GET"]}}],"collection":[{"href":"https:\/\/svojeridne.com\/uk\/wp-json\/wp\/v2\/pages"}],"about":[{"href":"https:\/\/svojeridne.com\/uk\/wp-json\/wp\/v2\/types\/page"}],"author":[{"embeddable":true,"href":"https:\/\/svojeridne.com\/uk\/wp-json\/wp\/v2\/users\/1"}],"replies":[{"embeddable":true,"href":"https:\/\/svojeridne.com\/uk\/wp-json\/wp\/v2\/comments?post=3"}],"version-history":[{"count":3,"href":"https:\/\/svojeridne.com\/uk\/wp-json\/wp\/v2\/pages\/3\/revisions"}],"predecessor-version":[{"id":9265,"href":"https:\/\/svojeridne.com\/uk\/wp-json\/wp\/v2\/pages\/3\/revisions\/9265"}],"wp:attachment":[{"href":"https:\/\/svojeridne.com\/uk\/wp-json\/wp\/v2\/media?parent=3"}],"curies":[{"name":"wp","href":"https:\/\/api.w.org\/{rel}","templated":true}]}}