{"id":9248,"date":"2025-09-03T17:26:08","date_gmt":"2025-09-03T17:26:08","guid":{"rendered":"https:\/\/svojeridne.com\/?page_id=9248"},"modified":"2025-11-06T08:31:10","modified_gmt":"2025-11-06T08:31:10","slug":"%d0%b4%d0%be%d1%81%d1%82%d0%b0%d0%b2%d0%ba%d0%b0-%d1%82%d0%b0-%d0%be%d0%bf%d0%bb%d0%b0%d1%82%d0%b8","status":"publish","type":"page","link":"https:\/\/svojeridne.com\/cs\/%d0%b4%d0%be%d1%81%d1%82%d0%b0%d0%b2%d0%ba%d0%b0-%d1%82%d0%b0-%d0%be%d0%bf%d0%bb%d0%b0%d1%82%d0%b8\/","title":{"rendered":"Dod\u00e1n\u00ed a platba"},"content":{"rendered":"<p><strong>Poskytovatel platebn\u00ed br\u00e1ny<\/strong><\/p>\n\n\n\n<p>Online platby pro n\u00e1\u0161 internetov\u00fd obchod zaji\u0161\u0165uje spole\u010dnost <strong>Comgate, a.s.<\/strong><\/p>\n\n\n\n<p>V\u00edce informac\u00ed najdete na str\u00e1nce: www.comgate.cz\/platebni-brana<\/p>\n\n\n\n<p><strong>Platebn\u00ed metody<\/strong><\/p>\n\n\n\n<p>Nab\u00edz\u00edme rychl\u00e9 a bezpe\u010dn\u00e9 platebn\u00ed mo\u017enosti \u2014 <strong>platebn\u00ed kartou<\/strong> nebo <strong>online bankovn\u00edm p\u0159evodem<\/strong> prost\u0159ednictv\u00edm platebn\u00edch tla\u010d\u00edtek jednotliv\u00fdch bank.<\/p>\n\n\n\n<p>Podrobnosti o pr\u016fb\u011bhu plateb naleznete zde<\/p>\n\n\n\n<p>\u2022 <a href=\"https:\/\/help.comgate.cz\/v1\/docs\/cs\/platby-kartou\">Platba kartou \u2013 n\u00e1vod a informace<\/a><\/p>\n\n\n\n<p>\u2022 <a href=\"https:\/\/help.comgate.cz\/docs\/bankovni-prevody\">Bankovn\u00ed p\u0159evody \u2013 n\u00e1vod a informace<\/a><\/p>\n\n\n\n<p><strong>Kontakty na poskytovatele platebn\u00ed br\u00e1ny<\/strong><\/p>\n\n\n\n<p>Comgate, a.s.<\/p>\n\n\n\n<p>Go\u010d\u00e1rova t\u0159\u00edda 1754\/48b, Hradec Kr\u00e1lov\u00e9<\/p>\n\n\n\n<p>E-mail: <strong>platby-podpora@comgate.cz<\/strong><\/p>\n\n\n\n<p>Telefon: <strong>+420 228 224 267<\/strong><\/p>\n\n\n\n<h3 class=\"wp-block-heading\"><strong>Doru\u010den\u00ed p\u0159es Packeta (Z\u00e1silkovna)<\/strong><\/h3>\n\n\n\n<ul class=\"wp-block-list\">\n<li>Vyberte si z tis\u00edc\u016f v\u00fddejn\u00edch m\u00edst po cel\u00e9 \u010cesk\u00e9 republice a Slovensku.<\/li>\n\n\n\n<li>Sledujte sv\u016fj bal\u00edk v re\u00e1ln\u00e9m \u010dase prost\u0159ednictv\u00edm mobiln\u00ed aplikace Packeta.<\/li>\n\n\n\n<li>Dodac\u00ed lh\u016fta je 1\u20134 pracovn\u00ed dny (m\u016f\u017ee se li\u0161it v z\u00e1vislosti na kapacit\u011b skladu).<\/li>\n\n\n\n<li>Z\u00e1silka je v m\u00edst\u011b doru\u010den\u00ed ulo\u017eena 7 dn\u00ed a v Z-Boxu pouze 2 dny.<\/li>\n\n\n\n<li>K jeho p\u0159ijet\u00ed nepot\u0159ebujete doklad toto\u017enosti - sta\u010d\u00ed k\u00f3d z SMS.<\/li>\n<\/ul>\n\n\n\n<p>VAROV\u00c1N\u00cd:<\/p>\n\n\n\n<ul class=\"wp-block-list\">\n<li>Pokud jste si zvolili platbu na dob\u00edrku a doru\u010den\u00ed do Z-Boxu, je nutn\u00e9 platbu prov\u00e9st prost\u0159ednictv\u00edm mobiln\u00ed aplikace.<\/li>\n<\/ul>\n\n\n\n<h3 class=\"wp-block-heading\"><strong>Kur\u00fdrn\u00ed doru\u010den\u00ed <\/strong><strong>p\u0159es <\/strong><strong>Packeta (Z\u00e1silkovna)<\/strong><strong><\/strong><\/h3>\n\n\n\n<ul class=\"wp-block-list\">\n<li>Objednejte si doru\u010den\u00ed a\u017e dom\u016f, do kancel\u00e1\u0159e nebo na recepci.<\/li>\n\n\n\n<li>Pokud v\u00e1s kur\u00fdr nenajde, bude bal\u00edk ulo\u017een v nejbli\u017e\u0161\u00edm v\u00fddejn\u00edm m\u00edst\u011b, kde si jej m\u016f\u017eete vyzvednout tent\u00fd\u017e den.<\/li>\n\n\n\n<li>Jakmile kur\u00fdr nalo\u017e\u00ed bal\u00edk, obdr\u017e\u00edte zpr\u00e1vu s odhadovanou dobou doru\u010den\u00ed (s p\u0159esnost\u00ed a\u017e 90 minut).<\/li>\n<\/ul>\n\n\n\n<p><strong>N\u00e1klady na dopravu<\/strong><strong>:<\/strong><\/p>\n\n\n\n<p>K m\u00edstu vyd\u00e1n\u00ed (pobo\u010dka \/ Z-Box):<\/p>\n\n\n\n<ul class=\"wp-block-list\">\n<li>Platba p\u0159edem \u2013 89 K\u010d<\/li>\n\n\n\n<li>Platba p\u0159i p\u0159evzet\u00ed \u2013 115 K\u010d<\/li>\n<\/ul>\n\n\n\n<p>Kur\u00fdrn\u00ed doru\u010den\u00ed:<\/p>\n\n\n\n<ul class=\"wp-block-list\">\n<li>Platba p\u0159edem \u2013 129 K\u010d<\/li>\n\n\n\n<li>Platba p\u0159i p\u0159evzet\u00ed \u2013 155 K\u010d<\/li>\n<\/ul>\n\n\n\n<h3 class=\"wp-block-heading\"><strong>Dod\u00e1n\u00ed prost\u0159ednictv\u00edm<\/strong><strong> <\/strong><strong>Bal\u00edkovna<\/strong><strong><\/strong><\/h3>\n\n\n\n<ul class=\"wp-block-list\">\n<li>Jakmile bude bal\u00edk doru\u010den do v\u00e1mi vybran\u00e9 Bal\u00edkovny, obdr\u017e\u00edte SMS zpr\u00e1vu.<\/li>\n\n\n\n<li>Podrobn\u011bj\u0161\u00ed informace o slu\u017eb\u00e1ch naleznete zde. <a href=\"https:\/\/www.balikovna.cz\/cs\/uvod\">https:\/\/www.balikovna.cz\/cs\/uvod<\/a><\/li>\n\n\n\n<li>&nbsp;<\/li>\n<\/ul>\n\n\n\n<p><strong>Kur\u00fdrn\u00ed doru\u010den\u00ed <\/strong><strong>p\u0159es<\/strong><strong> <\/strong><strong>Bal\u00edkovna <\/strong><strong><em><u><\/u><\/em><\/strong><\/p>\n\n\n\n<ul class=\"wp-block-list\">\n<li>O doru\u010den\u00ed budete informov\u00e1ni SMS zpr\u00e1vou.<\/li>\n\n\n\n<li>Pokud se z\u00e1silka nedoru\u010d\u00ed, bude na v\u00e1s \u010dekat na po\u0161t\u011b 7 dn\u00ed.<\/li>\n<\/ul>\n\n\n\n<p><strong>N\u00e1klady na dopravu<\/strong><strong>:<\/strong><\/p>\n\n\n\n<p>Do m\u00edsta v\u00fddeje (pobo\u010dka \/ Alzabox):<\/p>\n\n\n\n<ul class=\"wp-block-list\">\n<li>Z\u00e1loha \u2013 75 K\u010d<\/li>\n\n\n\n<li>Platba p\u0159i p\u0159evzet\u00ed \u2013 94 K\u010d<\/li>\n<\/ul>\n\n\n\n<p>Kur\u00fdrn\u00ed doru\u010den\u00ed:<\/p>\n\n\n\n<ul class=\"wp-block-list\">\n<li>Z\u00e1loha \u2013 105 K\u010d<\/li>\n\n\n\n<li>Platba p\u0159i p\u0159evzet\u00ed \u2013 124 K\u010d<\/li>\n<\/ul>\n\n\n\n<p><strong>Dod\u00e1n\u00ed prost\u0159ednictv\u00edm<\/strong> PPL<\/p>\n\n\n\n<ul class=\"wp-block-list\">\n<li>Sv\u016fj bal\u00edk si m\u016f\u017eete vyzvednout v PPL Parcelshopu do 7 kalend\u00e1\u0159n\u00edch dn\u016f.<\/li>\n\n\n\n<li>V PPL Parcelboxu je bal\u00edk ulo\u017een a\u017e 3 kalend\u00e1\u0159n\u00ed dny od okam\u017eiku p\u0159ijet\u00ed SMS, e-mailu nebo ozn\u00e1men\u00ed v mobiln\u00ed aplikaci mojePPL.<\/li>\n\n\n\n<li>Z\u00e1silku m\u016f\u017ee p\u0159evz\u00edt nejen adres\u00e1t \u2013 sta\u010d\u00ed uv\u00e9st PIN.<\/li>\n\n\n\n<li>M\u016f\u017eete zm\u011bnit \u010das a m\u00edsto vyzvednut\u00ed, nebo bude bal\u00edk ulo\u017een na v\u00fddejn\u00edm m\u00edst\u011b PPL.<\/li>\n\n\n\n<li>Podrobn\u011bj\u0161\u00ed informace naleznete na webov\u00fdch str\u00e1nk\u00e1ch PPL. <a href=\"https:\/\/www.ppl.cz\/\">https:\/\/www.ppl.cz\/<\/a><\/li>\n\n\n\n<li>&nbsp;<\/li>\n<\/ul>\n\n\n\n<p><strong>N\u00e1klady na dopravu<\/strong><strong>:<\/strong><\/p>\n\n\n\n<p>K j\u00e1dru v\u011bci:<\/p>\n\n\n\n<ul class=\"wp-block-list\">\n<li>Platba p\u0159edem \u2013 76 K\u010d<\/li>\n\n\n\n<li>Platba p\u0159i p\u0159evzet\u00ed \u2013 95 K\u010d<\/li>\n<\/ul>\n\n\n\n<p>Doru\u010den\u00ed kur\u00fdrem dom\u016f:<\/p>\n\n\n\n<ul class=\"wp-block-list\">\n<li>Platba p\u0159edem \u2013 106 K\u010d<\/li>\n\n\n\n<li>Platba p\u0159i p\u0159evzet\u00ed \u2013 125 K\u010d<\/li>\n<\/ul>\n\n\n\n<p><strong><em><u>Dod\u00e1n\u00ed do jin\u00fdch zem\u00ed:<\/u><\/em><\/strong><\/p>\n\n\n\n<p><strong>Dod\u00e1n\u00ed do jin\u00fdch zem\u00ed<\/strong><\/p>\n\n\n\n<ul class=\"wp-block-list\">\n<li>Bal\u00edky na Slovensko zas\u00edl\u00e1me jak na adresu, tak i na v\u00fddejn\u00ed m\u00edsta Packeta.<\/li>\n\n\n\n<li>Do ostatn\u00edch zem\u00ed je doru\u010den\u00ed prov\u00e1d\u011bno pouze na adresu (ne do m\u00edst vyzvednut\u00ed).<\/li>\n\n\n\n<li>Platba za objedn\u00e1vky v zahrani\u010d\u00ed je mo\u017en\u00e1 pouze p\u0159edem, bez mo\u017enosti platby v hotovosti p\u0159i p\u0159evzet\u00ed.<\/li>\n<\/ul>\n\n\n\n<p><\/p>","protected":false},"excerpt":{"rendered":"<p>\u041f\u043e\u0441\u0442\u0430\u0447\u0430\u043b\u044c\u043d\u0438\u043a \u043f\u043b\u0430\u0442\u0456\u0436\u043d\u043e\u0433\u043e \u0448\u043b\u044e\u0437\u0443 \u041e\u043d\u043b\u0430\u0439\u043d-\u043f\u043b\u0430\u0442\u0435\u0436\u0456 \u0434\u043b\u044f \u043d\u0430\u0448\u043e\u0433\u043e \u0456\u043d\u0442\u0435\u0440\u043d\u0435\u0442-\u043c\u0430\u0433\u0430\u0437\u0438\u043d\u0443 \u0437\u0430\u0431\u0435\u0437\u043f\u0435\u0447\u0443\u0454 \u043a\u043e\u043c\u043f\u0430\u043d\u0456\u044f Comgate, a.s. \u0414\u0435\u0442\u0430\u043b\u044c\u043d\u0456\u0448\u0443 \u0456\u043d\u0444\u043e\u0440\u043c\u0430\u0446\u0456\u044e \u043c\u043e\u0436\u043d\u0430 \u0437\u043d\u0430\u0439\u0442\u0438 \u043d\u0430 \u0441\u0442\u043e\u0440\u0456\u043d\u0446\u0456: www.comgate.cz\/platebni-brana \u0421\u043f\u043e\u0441\u043e\u0431\u0438 \u043e\u043f\u043b\u0430\u0442\u0438 \u041c\u0438 \u043f\u0440\u043e\u043f\u043e\u043d\u0443\u0454\u043c\u043e \u0448\u0432\u0438\u0434\u043a\u0456 \u0442\u0430 \u0431\u0435\u0437\u043f\u0435\u0447\u043d\u0456 \u0432\u0430\u0440\u0456\u0430\u043d\u0442\u0438 \u043e\u043f\u043b\u0430\u0442\u0438 \u2014 \u0431\u0430\u043d\u043a\u0456\u0432\u0441\u044c\u043a\u043e\u044e \u043a\u0430\u0440\u0442\u043a\u043e\u044e \u0430\u0431\u043e \u043e\u043d\u043b\u0430\u0439\u043d-\u043f\u0435\u0440\u0435\u043a\u0430\u0437\u043e\u043c \u0447\u0435\u0440\u0435\u0437 \u043f\u043b\u0430\u0442\u0456\u0436\u043d\u0456 \u043a\u043d\u043e\u043f\u043a\u0438 \u043e\u043a\u0440\u0435\u043c\u0438\u0445 \u0431\u0430\u043d\u043a\u0456\u0432. \u0414\u043e\u043a\u043b\u0430\u0434\u043d\u0456\u0448\u0435 \u043f\u0440\u043e \u043f\u0440\u043e\u0446\u0435\u0441 \u043e\u043f\u043b\u0430\u0442\u0438 \u043c\u043e\u0436\u043d\u0430 \u0434\u0456\u0437\u043d\u0430\u0442\u0438\u0441\u044f \u0442\u0443\u0442: \u2022 \u041e\u043f\u043b\u0430\u0442\u0430 \u043a\u0430\u0440\u0442\u043a\u043e\u044e \u2014 \u0456\u043d\u0441\u0442\u0440\u0443\u043a\u0446\u0456\u044f \u0442\u0430 \u0456\u043d\u0444\u043e\u0440\u043c\u0430\u0446\u0456\u044f \u2022 \u0411\u0430\u043d\u043a\u0456\u0432\u0441\u044c\u043a\u0456 \u043f\u0435\u0440\u0435\u043a\u0430\u0437\u0438 \u2014 [&hellip;]<\/p>","protected":false},"author":1,"featured_media":0,"parent":0,"menu_order":0,"comment_status":"closed","ping_status":"open","template":"","meta":{"footnotes":""},"class_list":["post-9248","page","type-page","status-publish","hentry"],"_links":{"self":[{"href":"https:\/\/svojeridne.com\/cs\/wp-json\/wp\/v2\/pages\/9248","targetHints":{"allow":["GET"]}}],"collection":[{"href":"https:\/\/svojeridne.com\/cs\/wp-json\/wp\/v2\/pages"}],"about":[{"href":"https:\/\/svojeridne.com\/cs\/wp-json\/wp\/v2\/types\/page"}],"author":[{"embeddable":true,"href":"https:\/\/svojeridne.com\/cs\/wp-json\/wp\/v2\/users\/1"}],"replies":[{"embeddable":true,"href":"https:\/\/svojeridne.com\/cs\/wp-json\/wp\/v2\/comments?post=9248"}],"version-history":[{"count":9,"href":"https:\/\/svojeridne.com\/cs\/wp-json\/wp\/v2\/pages\/9248\/revisions"}],"predecessor-version":[{"id":9318,"href":"https:\/\/svojeridne.com\/cs\/wp-json\/wp\/v2\/pages\/9248\/revisions\/9318"}],"wp:attachment":[{"href":"https:\/\/svojeridne.com\/cs\/wp-json\/wp\/v2\/media?parent=9248"}],"curies":[{"name":"wp","href":"https:\/\/api.w.org\/{rel}","templated":true}]}}