{"id":9235,"date":"2025-09-03T17:12:43","date_gmt":"2025-09-03T17:12:43","guid":{"rendered":"https:\/\/svojeridne.com\/?page_id=9235"},"modified":"2025-11-05T14:22:36","modified_gmt":"2025-11-05T14:22:36","slug":"obchodni-podminky","status":"publish","type":"page","link":"https:\/\/svojeridne.com\/cs\/obchodni-podminky\/","title":{"rendered":"Obchodn\u00ed podm\u00ednky"},"content":{"rendered":"<p><strong>Obchodn\u00ed podm\u00ednky<\/strong><\/p>\n\n\n\n<p><strong>I. \u00davodn\u00ed ustanoven\u00ed<\/strong><strong><\/strong><\/p>\n\n\n\n<p>Prod\u00e1vaj\u00edc\u00ed:<\/p>\n\n\n\n<p><strong>Adriana Khudzik<\/strong><\/p>\n\n\n\n<p>I\u010cO: <strong>22284427<\/strong><\/p>\n\n\n\n<p>S\u00eddlo: <strong>Selsk\u00e1 3589, 430 01 Chomutov<\/strong><\/p>\n\n\n\n<p>Zapsan\u00e1 v \u017eivnostensk\u00e9m rejst\u0159\u00edku jako <strong>OSV\u010c<\/strong><\/p>\n\n\n\n<p>E-mail: <strong>svoje.ridne.cz@gmail.com<\/strong><br><br>Odesl\u00e1n\u00edm z\u00e1vazn\u00e9 objedn\u00e1vky kupuj\u00edc\u00ed potvrzuje, \u017ee se sezn\u00e1mil s t\u011bmito obchodn\u00edmi podm\u00ednkami a \u017ee je v pln\u00e9m rozsahu p\u0159ij\u00edm\u00e1.<\/p>\n\n\n\n<p><strong>II. Doprava zbo\u017e\u00ed<\/strong><strong><\/strong><\/p>\n\n\n\n<p>Aktu\u00e1ln\u00ed zp\u016fsoby a ceny dopravy jsou uvedeny <a href=\"https:\/\/svojeridne.com\/cs\/%d0%b4%d0%be%d1%81%d1%82%d0%b0%d0%b2%d0%ba%d0%b0-%d1%82%d0%b0-%d0%be%d0%bf%d0%bb%d0%b0%d1%82%d0%b8\/\"><strong>zde<\/strong><\/a> .<\/p>\n\n\n\n<p><strong>III. Platba zbo\u017e\u00ed<\/strong><strong><\/strong><\/p>\n\n\n\n<p>Objednan\u00e9 zbo\u017e\u00ed je mo\u017en\u00e9 zaplatit t\u011bmito zp\u016fsoby:<\/p>\n\n\n\n<ul class=\"wp-block-list\">\n<li>Dob\u00edrka \u2013 zbo\u017e\u00ed uhrad\u00edte p\u0159i p\u0159evzet\u00ed po doru\u010den\u00ed po\u0161tou.<\/li>\n\n\n\n<li>Platba p\u0159edem na bankovn\u00ed \u00fa\u010det \u2013 po odesl\u00e1n\u00ed objedn\u00e1vky V\u00e1m za\u0161leme fakturu. Objednan\u00e9 zbo\u017e\u00ed je odesl\u00e1no bez zbyte\u010dn\u00e9ho odkladu po p\u0159ips\u00e1n\u00ed platby na \u00fa\u010det prod\u00e1vaj\u00edc\u00edho.<\/li>\n<\/ul>\n\n\n\n<p><strong>IV. <\/strong><strong>Odstoupen\u00ed od smlouvy<\/strong><strong><\/strong><\/p>\n\n\n\n<ol start=\"1\" class=\"wp-block-list\">\n<li>Kupuj\u00edc\u00ed je opr\u00e1vn\u011bn ve lh\u016ft\u011b 14 dn\u016f od p\u0159evzet\u00ed objednan\u00e9ho zbo\u017e\u00ed odstoupit od smlouvy a vr\u00e1tit zbo\u017e\u00ed prod\u00e1vaj\u00edc\u00edmu.<\/li>\n\n\n\n<li>O sv\u00e9m rozhodnut\u00ed informujte prod\u00e1vaj\u00edc\u00edho p\u00edsemn\u011b na e-mail: <strong>svoje.ridne.cz@gmail.com<\/strong><\/li>\n<\/ol>\n\n\n\n<ol start=\"3\" class=\"wp-block-list\">\n<li>Zbo\u017e\u00ed mus\u00ed b\u00fdt vr\u00e1ceno nepo\u0161kozen\u00e9, kompletn\u00ed a pokud mo\u017eno v p\u016fvodn\u00edm obalu.<\/li>\n\n\n\n<li>N\u00e1klady na vr\u00e1cen\u00ed zbo\u017e\u00ed hrad\u00ed kupuj\u00edc\u00ed.<\/li>\n\n\n\n<li>Prod\u00e1vaj\u00edc\u00ed vr\u00e1t\u00ed kupuj\u00edc\u00edmu zaplacenou kupn\u00ed cenu nejpozd\u011bji do 14 dn\u016f od doru\u010den\u00ed vr\u00e1cen\u00e9ho zbo\u017e\u00ed, a to bezhotovostn\u011b na \u00fa\u010det kupuj\u00edc\u00edho.<\/li>\n<\/ol>\n\n\n\n<p><strong>V. <\/strong>&nbsp;<strong>Reklama\u010dn\u00ed \u0159\u00e1d<\/strong><strong><\/strong><\/p>\n\n\n\n<p>1. Z\u00e1ruka<\/p>\n\n\n\n<p>Na prodan\u00e9 zbo\u017e\u00ed se vztahuje z\u00e1konn\u00e1 z\u00e1ruka 24 m\u011bs\u00edc\u016f od p\u0159evzet\u00ed zbo\u017e\u00ed.<\/p>\n\n\n\n<p>2. Uplatn\u011bn\u00ed reklamace<\/p>\n\n\n\n<p>Kupuj\u00edc\u00ed m\u00e1 pr\u00e1vo reklamovat v p\u0159\u00edpad\u011b vadn\u00e9ho tisku, chyb\u011bj\u00edc\u00edch stran, vadn\u00e9 vazby nebo jin\u00e9ho po\u0161kozen\u00ed, kter\u00e9 nevzniklo jeho vinou.<\/p>\n\n\n\n<p>3. Postup<\/p>\n\n\n\n<p>\u2013 Reklamaci ozn\u00e1mte e-mailem na adresu <strong>svoje.ridne.cz@gmail.com<\/strong><\/p>\n\n\n\n<p>\u2013 Reklamace bude vy\u0159\u00edzena do 30 dn\u016f od jej\u00edho uplatn\u011bn\u00ed.<\/p>\n\n\n\n<p>4. Mo\u017enosti vy\u0159\u00edzen\u00ed reklamace<\/p>\n\n\n\n<p>\u2013 oprava vady,<\/p>\n\n\n\n<p>\u2013 v\u00fdm\u011bna zbo\u017e\u00ed,<\/p>\n\n\n\n<p>\u2013 p\u0159im\u011b\u0159en\u00e1 sleva z kupn\u00ed ceny,<\/p>\n\n\n\n<p>\u2013 vr\u00e1cen\u00ed kupn\u00ed ceny v p\u0159\u00edpad\u011b neodstraniteln\u00e9 vady.<\/p>\n\n\n\n<p><strong>VI. Z\u00e1v\u011bre\u010dn\u00e1 ustanoven\u00ed<\/strong><strong><\/strong><\/p>\n\n\n\n<p>Tyto obchodn\u00ed podm\u00ednky jsou platn\u00e9 od 1. z\u00e1\u0159\u00ed 2025.<\/p>\n\n\n\n<p>Prod\u00e1vaj\u00edc\u00ed si vyhrazuje pr\u00e1vo je kdykoli bez p\u0159edchoz\u00edho upozorn\u011bn\u00ed zm\u011bnit.<\/p>","protected":false},"excerpt":{"rendered":"<p>Obchodn\u00ed podm\u00ednky I. \u00davodn\u00ed ustanoven\u00ed Prod\u00e1vaj\u00edc\u00ed: Adriana Khudzik I\u010cO: 22284427 S\u00eddlo: Selsk\u00e1 3589, 430 01 Chomutov Zapsan\u00e1 v \u017eivnostensk\u00e9m rejst\u0159\u00edku jako OSV\u010c E-mail: svoje.ridne.cz@gmail.com Odesl\u00e1n\u00edm z\u00e1vazn\u00e9 objedn\u00e1vky kupuj\u00edc\u00ed potvrzuje, \u017ee se sezn\u00e1mil s t\u011bmito obchodn\u00edmi podm\u00ednkami a \u017ee je v pln\u00e9m rozsahu p\u0159ij\u00edm\u00e1. II. Doprava zbo\u017e\u00ed Aktu\u00e1ln\u00ed zp\u016fsoby a ceny dopravy jsou uvedeny zde . [&hellip;]<\/p>","protected":false},"author":1,"featured_media":0,"parent":0,"menu_order":0,"comment_status":"closed","ping_status":"open","template":"","meta":{"footnotes":""},"class_list":["post-9235","page","type-page","status-publish","hentry"],"_links":{"self":[{"href":"https:\/\/svojeridne.com\/cs\/wp-json\/wp\/v2\/pages\/9235","targetHints":{"allow":["GET"]}}],"collection":[{"href":"https:\/\/svojeridne.com\/cs\/wp-json\/wp\/v2\/pages"}],"about":[{"href":"https:\/\/svojeridne.com\/cs\/wp-json\/wp\/v2\/types\/page"}],"author":[{"embeddable":true,"href":"https:\/\/svojeridne.com\/cs\/wp-json\/wp\/v2\/users\/1"}],"replies":[{"embeddable":true,"href":"https:\/\/svojeridne.com\/cs\/wp-json\/wp\/v2\/comments?post=9235"}],"version-history":[{"count":6,"href":"https:\/\/svojeridne.com\/cs\/wp-json\/wp\/v2\/pages\/9235\/revisions"}],"predecessor-version":[{"id":9308,"href":"https:\/\/svojeridne.com\/cs\/wp-json\/wp\/v2\/pages\/9235\/revisions\/9308"}],"wp:attachment":[{"href":"https:\/\/svojeridne.com\/cs\/wp-json\/wp\/v2\/media?parent=9235"}],"curies":[{"name":"wp","href":"https:\/\/api.w.org\/{rel}","templated":true}]}}