{"id":16,"date":"2025-08-28T19:15:43","date_gmt":"2025-08-28T19:15:43","guid":{"rendered":"https:\/\/lightgoldenrodyellow-marten-706370.hostingersite.com\/wishlist\/"},"modified":"2025-08-28T19:15:43","modified_gmt":"2025-08-28T19:15:43","slug":"wishlist","status":"publish","type":"page","link":"https:\/\/svojeridne.com\/cs\/wishlist\/","title":{"rendered":"Seznam p\u0159\u00e1n\u00ed"},"content":{"rendered":"<div class=\"woosw-list\"><table class=\"woosw-items\" data-key=\"WOOSW\"><tr class=\"woosw-item woosw-item-12794\" data-id=\"12794\"><td class=\"woosw-item--image\"><a  href=\"https:\/\/svojeridne.com\/cs\/produkt\/%d0%b4%d0%b6%d1%83%d0%b4%d1%96-%d0%bc%d1%83%d0%b4%d1%96-%d0%ba%d0%bd%d0%b8%d0%b3%d0%b0-1\/\" ><img fetchpriority=\"high\" decoding=\"async\" width=\"450\" height=\"450\" src=\"https:\/\/svojeridne.com\/wp-content\/uploads\/2026\/01\/IMG_2957-450x450.png\" class=\"attachment-woocommerce_thumbnail size-woocommerce_thumbnail\" alt=\"\u0414\u0436\u0443\u0434\u0456 \u041c\u0443\u0434\u0456. \u041a\u043d\u0438\u0433\u0430 1\" srcset=\"https:\/\/svojeridne.com\/wp-content\/uploads\/2026\/01\/IMG_2957-450x450.png 450w, https:\/\/svojeridne.com\/wp-content\/uploads\/2026\/01\/IMG_2957-300x300.png 300w, https:\/\/svojeridne.com\/wp-content\/uploads\/2026\/01\/IMG_2957-150x150.png 150w, https:\/\/svojeridne.com\/wp-content\/uploads\/2026\/01\/IMG_2957-768x768.png 768w, https:\/\/svojeridne.com\/wp-content\/uploads\/2026\/01\/IMG_2957-12x12.png 12w, https:\/\/svojeridne.com\/wp-content\/uploads\/2026\/01\/IMG_2957-800x800.png 800w, https:\/\/svojeridne.com\/wp-content\/uploads\/2026\/01\/IMG_2957-100x100.png 100w, https:\/\/svojeridne.com\/wp-content\/uploads\/2026\/01\/IMG_2957-50x50.png 50w, https:\/\/svojeridne.com\/wp-content\/uploads\/2026\/01\/IMG_2957-460x460.png 460w, https:\/\/svojeridne.com\/wp-content\/uploads\/2026\/01\/IMG_2957.png 850w\" sizes=\"(max-width: 450px) 100vw, 450px\" \/><\/a><\/td><td class=\"woosw-item--info\"><div class=\"woosw-item--name\"><a  href=\"https:\/\/svojeridne.com\/cs\/produkt\/%d0%b4%d0%b6%d1%83%d0%b4%d1%96-%d0%bc%d1%83%d0%b4%d1%96-%d0%ba%d0%bd%d0%b8%d0%b3%d0%b0-1\/\" >\u0414\u0436\u0443\u0434\u0456 \u041c\u0443\u0434\u0456. \u041a\u043d\u0438\u0433\u0430 1<\/a><\/div><div class=\"woosw-item--price\"><span class=\"woocommerce-Price-amount amount\">230&nbsp;<span class=\"woocommerce-Price-currencySymbol\">&#075;&#269;<\/span><\/span><\/div><div class=\"woosw-item--time\">31 ledna, 2026<\/div><\/td><td class=\"woosw-item--actions\"><div class=\"woosw-item--stock\"><p class=\"stock in-stock\" data-no-translation=\"\" data-trp-gettext=\"\">1 skladem<\/p>\n<\/div><div class=\"woosw-item--atc\"><p class=\"product woocommerce add_to_cart_inline\" style=\"\"><a href=\"\/cs\/wp-json\/wp\/v2\/pages\/16?add-to-cart=12794\" aria-describedby=\"woocommerce_loop_add_to_cart_link_describedby_12794\" data-quantity=\"1\" class=\"button product_type_simple add_to_cart_button ajax_add_to_cart\" data-product_id=\"12794\" data-product_sku=\"\" aria-label=\"P\u0159idat do ko\u0161\u00edku: \u201e\u0414\u0436\u0443\u0434\u0456 \u041c\u0443\u0434\u0456. \u041a\u043d\u0438\u0433\u0430 1\u201c\" rel=\"nofollow\" data-success_message=\"\u201c\u0414\u0436\u0443\u0434\u0456 \u041c\u0443\u0434\u0456. \u041a\u043d\u0438\u0433\u0430 1\u201d byl p\u0159id\u00e1n do ko\u0161\u00edku\" role=\"button\" data-no-translation=\"\" data-trp-gettext=\"\" data-no-translation-aria-label=\"\" data-no-translation-data-success_message=\"\">P\u0159idat do ko\u0161\u00edku<\/a>\t<span id=\"woocommerce_loop_add_to_cart_link_describedby_12794\" class=\"screen-reader-text\">\n\t\t\t<\/span>\n<\/p><\/div><\/td><\/tr><tr class=\"woosw-item woosw-item-9653\" data-id=\"9653\"><td class=\"woosw-item--image\"><a  href=\"https:\/\/svojeridne.com\/cs\/produkt\/%d0%b7%d0%b0%d0%b4%d0%b8%d0%b2%d0%bb%d1%8f%d1%8e%d1%81%d1%8c-%d1%83-%d1%82%d0%b2%d0%be%d1%97-%d0%b7%d1%96%d0%bd%d0%b8%d1%86%d1%96\/\" ><img decoding=\"async\" width=\"450\" height=\"450\" src=\"https:\/\/svojeridne.com\/wp-content\/uploads\/2025\/11\/IMG_1249-450x450.png\" class=\"attachment-woocommerce_thumbnail size-woocommerce_thumbnail\" alt=\"\u0417\u0430\u0434\u0438\u0432\u043b\u044f\u044e\u0441\u044c \u0443 \u0442\u0432\u043e\u0457 \u0437\u0456\u043d\u0438\u0446\u0456\" srcset=\"https:\/\/svojeridne.com\/wp-content\/uploads\/2025\/11\/IMG_1249-450x450.png 450w, https:\/\/svojeridne.com\/wp-content\/uploads\/2025\/11\/IMG_1249-300x300.png 300w, https:\/\/svojeridne.com\/wp-content\/uploads\/2025\/11\/IMG_1249-150x150.png 150w, https:\/\/svojeridne.com\/wp-content\/uploads\/2025\/11\/IMG_1249-768x768.png 768w, https:\/\/svojeridne.com\/wp-content\/uploads\/2025\/11\/IMG_1249-12x12.png 12w, https:\/\/svojeridne.com\/wp-content\/uploads\/2025\/11\/IMG_1249-800x800.png 800w, https:\/\/svojeridne.com\/wp-content\/uploads\/2025\/11\/IMG_1249-100x100.png 100w, https:\/\/svojeridne.com\/wp-content\/uploads\/2025\/11\/IMG_1249-50x50.png 50w, https:\/\/svojeridne.com\/wp-content\/uploads\/2025\/11\/IMG_1249-460x460.png 460w, https:\/\/svojeridne.com\/wp-content\/uploads\/2025\/11\/IMG_1249.png 850w\" sizes=\"(max-width: 450px) 100vw, 450px\" \/><\/a><\/td><td class=\"woosw-item--info\"><div class=\"woosw-item--name\"><a  href=\"https:\/\/svojeridne.com\/cs\/produkt\/%d0%b7%d0%b0%d0%b4%d0%b8%d0%b2%d0%bb%d1%8f%d1%8e%d1%81%d1%8c-%d1%83-%d1%82%d0%b2%d0%be%d1%97-%d0%b7%d1%96%d0%bd%d0%b8%d1%86%d1%96\/\" >\u0417\u0430\u0434\u0438\u0432\u043b\u044f\u044e\u0441\u044c \u0443 \u0442\u0432\u043e\u0457 \u0437\u0456\u043d\u0438\u0446\u0456<\/a><\/div><div class=\"woosw-item--price\"><span class=\"woocommerce-Price-amount amount\">450&nbsp;<span class=\"woocommerce-Price-currencySymbol\">&#075;&#269;<\/span><\/span><\/div><div class=\"woosw-item--time\">22 listopadu, 2025<\/div><\/td><td class=\"woosw-item--actions\"><div class=\"woosw-item--stock\"><p class=\"stock out-of-stock\" data-no-translation=\"\" data-trp-gettext=\"\">Nen\u00ed skladem<\/p>\n<\/div><div class=\"woosw-item--atc\"><p class=\"product woocommerce add_to_cart_inline\" style=\"\"><a href=\"https:\/\/svojeridne.com\/cs\/produkt\/%d0%b7%d0%b0%d0%b4%d0%b8%d0%b2%d0%bb%d1%8f%d1%8e%d1%81%d1%8c-%d1%83-%d1%82%d0%b2%d0%be%d1%97-%d0%b7%d1%96%d0%bd%d0%b8%d1%86%d1%96\/\" aria-describedby=\"woocommerce_loop_add_to_cart_link_describedby_9653\" data-quantity=\"1\" class=\"button product_type_simple\" data-product_id=\"9653\" data-product_sku=\"\" aria-label=\"Zjistit v\u00edce o \u201e\u0417\u0430\u0434\u0438\u0432\u043b\u044f\u044e\u0441\u044c \u0443 \u0442\u0432\u043e\u0457 \u0437\u0456\u043d\u0438\u0446\u0456\u201c\" rel=\"nofollow\" data-success_message=\"\" data-no-translation=\"\" data-trp-gettext=\"\" data-no-translation-aria-label=\"\">\u010ct\u011bte v\u00edce<\/a>\t<span id=\"woocommerce_loop_add_to_cart_link_describedby_9653\" class=\"screen-reader-text\">\n\t\t\t<\/span>\n<\/p><\/div><\/td><\/tr><\/table><div class=\"woosw-actions\"><div class=\"woosw-copy\"><span class=\"woosw-copy-label\">Wishlist link:<\/span><span class=\"woosw-copy-url\"><input id=\"woosw_copy_url\" type=\"url\" value=\"https:\/\/svojeridne.com\/cs\/wishlist\/WOOSW\" readonly><\/span><span class=\"woosw-copy-btn\"><button id=\"woosw_copy_btn\" type=\"button\" class=\"button\">Copy<\/button><\/span><\/div><!-- \/woosw-copy --><\/div><!-- \/woosw-actions --><\/div><!-- \/woosw-list -->","protected":false},"excerpt":{"rendered":"","protected":false},"author":1,"featured_media":0,"parent":0,"menu_order":0,"comment_status":"closed","ping_status":"closed","template":"","meta":{"footnotes":""},"class_list":["post-16","page","type-page","status-publish","hentry"],"_links":{"self":[{"href":"https:\/\/svojeridne.com\/cs\/wp-json\/wp\/v2\/pages\/16","targetHints":{"allow":["GET"]}}],"collection":[{"href":"https:\/\/svojeridne.com\/cs\/wp-json\/wp\/v2\/pages"}],"about":[{"href":"https:\/\/svojeridne.com\/cs\/wp-json\/wp\/v2\/types\/page"}],"author":[{"embeddable":true,"href":"https:\/\/svojeridne.com\/cs\/wp-json\/wp\/v2\/users\/1"}],"replies":[{"embeddable":true,"href":"https:\/\/svojeridne.com\/cs\/wp-json\/wp\/v2\/comments?post=16"}],"version-history":[{"count":0,"href":"https:\/\/svojeridne.com\/cs\/wp-json\/wp\/v2\/pages\/16\/revisions"}],"wp:attachment":[{"href":"https:\/\/svojeridne.com\/cs\/wp-json\/wp\/v2\/media?parent=16"}],"curies":[{"name":"wp","href":"https:\/\/api.w.org\/{rel}","templated":true}]}}